{"id":1272,"date":"2014-11-20T08:03:36","date_gmt":"2014-11-20T08:03:36","guid":{"rendered":"http:\/\/marvin.sn.schule.de\/~tzl\/wordpress\/?page_id=1272"},"modified":"2021-11-03T14:25:31","modified_gmt":"2021-11-03T14:25:31","slug":"vertiefte-musische-ausbildung-%c2%a74","status":"publish","type":"page","link":"https:\/\/marvin.sachsen.schule\/~tzl\/wordpress\/vertiefte-musische-ausbildung-%c2%a74\/","title":{"rendered":"vertiefte musische Ausbildung (Chor) nach SOGYA \u00a74"},"content":{"rendered":"<h2><span style=\"color: #c0c0c0;\">Informationen zur vertieft musischen Ausbildung (Chor) nach SOGYA \u00a74 in der Sekundarstufe I:<\/span><\/h2>\n<p style=\"text-align: left;\"><strong>Informationen zur inhaltlichen Ausgestaltung<\/strong><br \/>\nDie vertiefte musische Ausbildung (nach SOGYA \u00a74) an der Thomasschule widmet sich dem Schwerpunkt des Chorsingens. Die Sch\u00fclerinnen und Sch\u00fcler haben neben dem normalen Unterricht zus\u00e4tzliche Musikstunden, in denen chorische Stimmbildung, Singe- und Atemtechnik und andere notwendigen musikpraktischen Inhalte vermittelt werden.<\/p>\n<ul>\n<li><span style=\"color: #ffcc99;\"><a style=\"color: #ffcc99;\" href=\"https:\/\/marvin.sachsen.schule\/~tzl\/wordpress\/wp-content\/uploads\/2021\/01\/Anforderungen-vertiefte-Ausbildung.pdf\">Informationen zur Aufnahmepr\u00fcfung der neuen 5.Klassen in die vertiefte Ausbildung der Thomasschule<\/a><\/span><\/li>\n<\/ul>\n<p>&nbsp;<\/p>\n<h2><span style=\"color: #c0c0c0;\">Informationen zur vertieft musischen Ausbildung (Chor) nach SOGYA \u00a74 in der Sekundarstufe II:<\/span><\/h2>\n<p><b>Informationen zur vertieft musischen Ausbildung (Chor) nach SOGYA \u00a74 in der Sekundarstufe II:<\/b><\/p>\n<p><b>Leistungskurse:<\/b> Es werden Musik als erster Leistungskurs und Deutsch oder Mathematik als zweiter Leistungskurs gew\u00e4hlt. Der dritte Leistungskurs kann Englisch, Geschichte, Kunst, Biologie, Chemie oder Physik sein. Der dritte Leistungskurs wird auf Leistungskursniveau unterrichtet und in der Abiturpr\u00fcfung auf Grundkursniveau gepr\u00fcft.<\/p>\n<p><b>Grundkurse: <\/b>Es k\u00f6nnen alle F\u00e4cher der Sekundarstufe 1 fortgef\u00fchrt werden. Jedoch werden der Chor oder das Orchester von allen Sch\u00fclern verpflichtend belegt. Daf\u00fcr werden nur eine Fremdsprache, nur eines der F\u00e4cher Gemeinschaftskunde und Geografie sowie drei der vier F\u00e4cher Biologie, Chemie, Physik oder Kunst belegt. Zus\u00e4tzlich wird als\u00a0<b>Ersetzungs- und Erg\u00e4nzungskurs<\/b> das Fach Informatik angeboten.<\/p>\n<p>Sch\u00fcler, die in der Sekundarstufe 1 Altgriechisch belegt haben, k\u00f6nnen in der Oberstufe Altgriechisch fortf\u00fchren und mit dem Graecum abschlie\u00dfen.<\/p>\n<ul>\n<li><span style=\"color: #ffcc99;\"><a style=\"color: #ffcc99;\" href=\"https:\/\/marvin.sachsen.schule\/~tzl\/wordpress\/wp-content\/uploads\/2019\/01\/AnforderungenneueLKMusik.pdf\">Information zur Aufnahmepr\u00fcfung der neuen Leistungskurse\u00a0Musik<\/a><\/span><\/li>\n<\/ul>\n<ul>\n<li><span style=\"color: #ffcc99;\"><a style=\"color: #ffcc99;\" href=\"https:\/\/marvin.sachsen.schule\/~tzl\/wordpress\/wp-content\/uploads\/2021\/11\/Belegplan-\u00a74.pdf\">Belegplan \u00a74-Sch\u00fcler<\/a><\/span><\/li>\n<\/ul>\n<p><span style=\"color: #c0c0c0;\"><strong>\u00a0<\/strong><\/span><\/p>\n<p>&nbsp;<\/p>\n","protected":false},"excerpt":{"rendered":"<p>Informationen zur vertieft musischen Ausbildung (Chor) nach SOGYA \u00a74 in der Sekundarstufe I: Informationen zur inhaltlichen Ausgestaltung Die vertiefte musische Ausbildung (nach SOGYA \u00a74) an der Thomasschule widmet sich dem Schwerpunkt des Chorsingens. Die Sch\u00fclerinnen und Sch\u00fcler haben neben dem normalen Unterricht zus\u00e4tzliche Musikstunden, in denen chorische Stimmbildung, Singe- und Atemtechnik und andere notwendigen musikpraktischen [&hellip;]<\/p>\n","protected":false},"author":4,"featured_media":0,"parent":0,"menu_order":0,"comment_status":"open","ping_status":"open","template":"","meta":[],"_links":{"self":[{"href":"https:\/\/marvin.sachsen.schule\/~tzl\/wordpress\/wp-json\/wp\/v2\/pages\/1272"}],"collection":[{"href":"https:\/\/marvin.sachsen.schule\/~tzl\/wordpress\/wp-json\/wp\/v2\/pages"}],"about":[{"href":"https:\/\/marvin.sachsen.schule\/~tzl\/wordpress\/wp-json\/wp\/v2\/types\/page"}],"author":[{"embeddable":true,"href":"https:\/\/marvin.sachsen.schule\/~tzl\/wordpress\/wp-json\/wp\/v2\/users\/4"}],"replies":[{"embeddable":true,"href":"https:\/\/marvin.sachsen.schule\/~tzl\/wordpress\/wp-json\/wp\/v2\/comments?post=1272"}],"version-history":[{"count":55,"href":"https:\/\/marvin.sachsen.schule\/~tzl\/wordpress\/wp-json\/wp\/v2\/pages\/1272\/revisions"}],"predecessor-version":[{"id":5158,"href":"https:\/\/marvin.sachsen.schule\/~tzl\/wordpress\/wp-json\/wp\/v2\/pages\/1272\/revisions\/5158"}],"wp:attachment":[{"href":"https:\/\/marvin.sachsen.schule\/~tzl\/wordpress\/wp-json\/wp\/v2\/media?parent=1272"}],"curies":[{"name":"wp","href":"https:\/\/api.w.org\/{rel}","templated":true}]}}