{"id":1696,"date":"2015-05-06T09:04:20","date_gmt":"2015-05-06T09:04:20","guid":{"rendered":"http:\/\/marvin.sn.schule.de\/~tzl\/wordpress\/?page_id=1696"},"modified":"2019-01-14T08:41:38","modified_gmt":"2019-01-14T08:41:38","slug":"archi","status":"publish","type":"page","link":"https:\/\/marvin.sachsen.schule\/~tzl\/wordpress\/archi\/","title":{"rendered":"archi"},"content":{"rendered":"<h3 style=\"text-align: left;\"><strong>Festschrift \u2013 800 Jahre Schola Thomana<\/strong><\/h3>\n<p style=\"text-align: justify;\">Am 20. M\u00e4rz war es so weit: Die Festschrift der Thomasschule ist erschienen! Der prachtvolle und gewichtige Band gibt sich von au\u00dfen traditionsbewusst: In gr\u00fcnem Leinen mit silberner Aufschrift ist die 800-j\u00e4hrige <a href=\"http:\/\/marvin.sn.schule.de\/~tzl\/wordpress\/studien-und-berufswahl\/88-revision-3\/\" rel=\"attachment wp-att-376\"><img loading=\"lazy\" class=\"alignleft\" style=\"border: 1px solid white;\" title=\"festschrift_schule\" src=\"http:\/\/www.thomanerbund.de\/wp-content\/uploads\/2012\/05\/festschrift_schule-300x291.jpg\" alt=\"\" width=\"251\" height=\"243\" \/><\/a>Geschichte der Thomasschule fest gebunden und f\u00fcr die n\u00e4chsten Generationen sicher aufgehoben. Schl\u00e4gt man das Buch auf, f\u00e4llt sofort das professionell gestaltete Layout auf, das durch qualitativ hochwertige Fotos besticht. Dieser erste Eindruck vom Zusammenspiel von Tradition und Moderne best\u00e4tigt sich auch im Inhalt der von Kathleen-Christina Kormann und Christine Kieres herausgegebenen Festschrift der Schule: Auf 320 Seiten wird die Br\u00fccke zwischen Vergangenheit und Gegenwart geschlagen und mit ansprechendem Bildmaterial abwechslungsreich und vielf\u00e4ltig dokumentiert. Der Chronologie folgend wird zun\u00e4chst \u201evon historischen Wurzeln, pr\u00e4genden Pers\u00f6nlichkeiten und gewachsenen Traditionen\u201c berichtet: Nach einem ausf\u00fchrlichen \u00dcberblick \u00fcber die ereignisreiche Geschichte der Thomasschule mit einer tabellarischen Zusammenstellung aller Rektoren kann der Leser beispielsweise in die Zeit Heinrich von Morungens eintauchen und etwas \u00fcber sein Leben und seine Beziehung zur Thomasschule erfahren oder \u00fcber die Tradition und Entwicklung des Latein- und Griechischunterrichts und die ihn pr\u00e4genden Pers\u00f6nlichkeiten. Die im n\u00e4chsten Abschnitt folgenden \u201eBr\u00fcche und Umbr\u00fcche\u201c der Thomasschule w\u00e4hrend der Zeit des Nationalsozialismus, des Zweiten Weltkrieges und der Nachkriegsjahre werden eindrucksvoll durch Erinnerungen von Zeitzeugen, Abiturienten der Jahrg\u00e4nge 1943 und 1949, dargestellt. Aufzeichnungen des ehemaligen Rektors Hellmuth Heinze (1945-1950) erg\u00e4nzen das Bild, und auch nicht \u00fcbergangen wird das Schicksal der Thomasschule als EOS in DDR-Zeiten. Dass die Thomasschule sich ihrer klassisch-humanistischen Tradition verpflichtet f\u00fchlt, sich aber nicht hinter ihrer Geschichte verstecken muss, sondern im 21. Jahrhundert als moderne Bildungseinrichtung angekommen ist, zeigt der folgende Teil der Festschrift, in dem sich die Schule mit ihren Partnern und F\u00f6rderern vielseitig pr\u00e4sentiert: Der Schulalltag wird lebendig durch die Vorstellung der einzelnen F\u00e4cher, Projekte, Wettbewerbe und Schulfeste. Abgerundet ist die Festschrift schlie\u00dflich durch ein Sch\u00fclerverzeichnis, das von 1930 bis zum Jubil\u00e4umsjahr 2012 reicht.<\/p>\n<p style=\"text-align: justify;\">Die bunte und facettenreiche Festschrift l\u00e4dt also zum Schm\u00f6kern ein und d\u00fcrfte f\u00fcr Sch\u00fcler, Lehrer und Eltern in gleicher Weise Interessantes bieten wie f\u00fcr ehemalige und zuk\u00fcnftige Thomaner und alle, die sich der Schule verbunden f\u00fchlen.<\/p>\n<p><strong>\u2026\u2026\u2026\u2026\u2026\u2026\u2026\u2026\u2026\u2026\u2026\u2026\u2026\u2026\u2026\u2026\u2026\u2026\u2026\u2026\u2026\u2026\u2026\u2026\u2026\u2026\u2026\u2026\u2026\u2026..<\/strong><br \/>\n<strong>Die Festschrift kann<br \/>\n\u00fcber<span style=\"text-decoration: underline;\"><span style=\"color: #ffff00;\"> <a title=\"dieses Bestellformular\" href=\"http:\/\/www.thomanerbund.de\/wp-content\/uploads\/2012\/05\/Bestellschein_Festschrift_Schule.pdf\" target=\"_blank\" rel=\"noopener\"><span style=\"color: #ffff00; text-decoration: underline;\">dieses Bestellformular<\/span><\/a><\/span><\/span><br \/>\nzum Preis von 14,90 Euro<br \/>\nangefordert werden.<\/strong><\/p>\n<p><strong>\u00a0<\/strong><\/p>\n<hr style=\"color: #ffff00;\" \/>\n<p>Alte Termine:<\/p>\n<table>\n<tbody>\n<tr>\n<td>09.05.2015<\/td>\n<td>Einweihung der Propsteikirche mit der &#8218;Gro\u00dfen Nacht der Ch\u00f6re&#8216; Teilnahme des Thomanerchores<\/td>\n<\/tr>\n<tr>\n<td>29.05.2015 11:00<\/td>\n<td>Festakt 1000 Jahre Leipzig<\/td>\n<\/tr>\n<tr>\n<td>15.06.2015 14:00<\/td>\n<td>Kurzkonzert des ThomasSchulChores zum &#8218;Tag des Forum Thomanum&#8216; im Foyer der Thomasschule<\/td>\n<\/tr>\n<tr>\n<td>17.06.2015<\/td>\n<td>Konzert SOLI DEO GLORIA<\/td>\n<\/tr>\n<tr>\n<td>18.06.2015 09:30<\/td>\n<td>Verabschiedung Thomaskantor Biller in der Thomaskirche<\/td>\n<\/tr>\n<tr>\n<td>08.07.2015 18:00<\/td>\n<td>Schuljahresabschlusskonzert ThomasSchulChor und ThomasSchulOrchester, Lutherkirche<\/td>\n<\/tr>\n<tr>\n<td>10.07.2015 18:00<\/td>\n<td>Schuljahresabschlussmotette des Thomanerchores in der Thomaskirche<\/td>\n<\/tr>\n<tr>\n<td>29.09.2015 04.10.2015<\/td>\n<td>Sch\u00fcleraustauch TSO und Kunst in Heidelberg<\/td>\n<\/tr>\n<tr>\n<td>01.10.2015<\/td>\n<td>Sch\u00fclerkonzert Klasse 11 und 12<\/td>\n<\/tr>\n<tr>\n<td>11.11.2015<\/td>\n<td>2. Stufe Mathematikolympiade an der Thomasschule<\/td>\n<\/tr>\n<tr>\n<td>12.11.2015 17:00<\/td>\n<td> &#8211; 19:00 Uhr Elternsprechtag; 19 &#8211; 20 Uhr nur mit Anmeldung<\/td>\n<\/tr>\n<tr>\n<td>23.11.2015 19:30<\/td>\n<td>Ausstellungser\u00f6ffnung &#8218;Thomaner pr\u00e4sentieren&#8216; (Musikalienhandlung Oelsner)<\/td>\n<\/tr>\n<tr>\n<td>25.11.2015<\/td>\n<td>Sch\u00fclerkongress zur Studien- und Berufsberatung Jahrgangsstufe 11<\/td>\n<\/tr>\n<tr>\n<td>15.12.2015 11:30<\/td>\n<td>Ausstellungser\u00f6ffnung Carl Friedrich Goerdeler (FOYER)<\/td>\n<\/tr>\n<tr>\n<td>07.01.2016 19:00<\/td>\n<td>Neujahrskonzert im MdbK<\/td>\n<\/tr>\n<tr>\n<td>12.01.2016 19:00<\/td>\n<td>Sitzung des Elternrates (Lehrerzimmer)<\/td>\n<\/tr>\n<tr>\n<td>21.01.2016<\/td>\n<td>Tag der offenen T\u00fcr f\u00fcr Thomasschule und Thomanerchor<\/td>\n<\/tr>\n<tr>\n<td>26.01.2016 28.01.2016<\/td>\n<td>Aufnahmepr\u00fcfungen LK Musik<\/td>\n<\/tr>\n<tr>\n<td>02.02.2016 05.02.2016<\/td>\n<td>Chorlager TSC in Colditz<\/td>\n<\/tr>\n<tr>\n<td>16.03.2016 17.03.2016<\/td>\n<td>Aufnahmepr\u00fcfungen vertiefte musische Ausbildung &#8211; CHOR &#8211; (\u00c2\u00a74 SOGYA) neue Klasse 5<\/td>\n<\/tr>\n<tr>\n<td>05.04.2016<\/td>\n<td>Eignungspr\u00fcfung GK Chor und Orchester<\/td>\n<\/tr>\n<tr>\n<td>07.04.2016 17:00<\/td>\n<td>&#8211; 19:00 Uhr Elternsprechtag, 19 &#8211; 20 Uhr nur mit Anmeldung<\/td>\n<\/tr>\n<tr>\n<td>22.04.2016<\/td>\n<td>Konzert TSC und TSO<\/td>\n<\/tr>\n<tr>\n<td>25.04.2016<\/td>\n<td>fachprakt. Abi EN, fachprakt. Abi MU<\/td>\n<\/tr>\n<tr>\n<td>26.04.2016<\/td>\n<td>schriftliches Abi EN, fachprakt. Abi MU<\/td>\n<\/tr>\n<tr>\n<td>27.04.2016<\/td>\n<td>Sch\u00fclerkonzert Klasse 11<\/td>\n<\/tr>\n<tr>\n<td>28.04.2016<\/td>\n<td>fachprakt. Abi MU<\/td>\n<\/tr>\n<tr>\n<td>25.05.2016 27.05.2016<\/td>\n<td>Katholikentag<\/td>\n<\/tr>\n<tr>\n<td>01.06.2016 18:00<\/td>\n<td>Abschlusskonzert (Lutherkirche)<\/td>\n<\/tr>\n<tr>\n<td>06.06.2016<\/td>\n<td>Kulturtag der Thomasschule<\/td>\n<\/tr>\n<tr>\n<td>06.06.2016 19:00<\/td>\n<td>Instrumentalkonzert (FOYER)<\/td>\n<\/tr>\n<tr>\n<td>10.06.2016 17:00<\/td>\n<td>Konzert TC und TSC &#8211; Er\u00f6ffnung Bachfest<\/td>\n<\/tr>\n<tr>\n<td>12.06.2016 17.06.2016<\/td>\n<td>Studienfahrt London<\/td>\n<\/tr>\n<tr>\n<td>13.06.2016 14:00<\/td>\n<td>Konzert KammerChor 5-7TM (FOYER)<\/td>\n<\/tr>\n<tr>\n<td>15.06.2016 16:00<\/td>\n<td>Konzert KammerChor 5-7TM (AMTSGERICHT)<\/td>\n<\/tr>\n<tr>\n<td>17.06.2016<\/td>\n<td>Konzert TC &#8211; Bachfest<\/td>\n<\/tr>\n<tr>\n<td>18.06.2016 11:30<\/td>\n<td>Abiturfeier (THOMASKIRCHE)<\/td>\n<\/tr>\n<tr>\n<td>14.11.2016<\/td>\n<td>Leseabend und Vorlesewettbewerb der 6.Klassen<\/td>\n<\/tr>\n<tr>\n<td>21.11.2016 19:00<\/td>\n<td>Ausstellungser\u00f6ffnung (Thomaner pr\u00e4sentieren) bei Oelsner<\/td>\n<\/tr>\n<tr>\n<td>30.11.2016 02.12.2016<\/td>\n<td>Probenfahrt TSO (ab 30.11. 14 Uhr)<\/td>\n<\/tr>\n<tr>\n<td>30.11.2016 02.12.2016<\/td>\n<td>Probentage KammerChor (ab 30.11. 14 Uhr)<\/td>\n<\/tr>\n<tr>\n<td>08.12.2016<\/td>\n<td>Generalprobe TSC\/TSO\/KC f\u00fcr Weihnachtskonzert<\/td>\n<\/tr>\n<tr>\n<td>13.12.2016 18:00<\/td>\n<td>Weihnachtskonzert (Lutherkirche)<\/td>\n<\/tr>\n<tr>\n<td>07.03.2017 10.03.2017<\/td>\n<td>Probenfahrt TSC\/TSO (Colditz)<\/td>\n<\/tr>\n<tr>\n<td>13.03.2017 16.03.2017<\/td>\n<td>Probenfahrt KammerChor (Colditz)<\/td>\n<\/tr>\n<tr>\n<td>21.03.2017 09:00<\/td>\n<td>Auftritte TSC\/TSO zum Bachgeburtstag<\/td>\n<\/tr>\n<tr>\n<td>31.03.2017 19:30<\/td>\n<td>Benefizkonzert f\u00fcr den Thomanerbund e.V. TSC\/TSC\/KC<\/td>\n<\/tr>\n<\/tbody>\n<\/table>\n<p>&nbsp;<\/p>\n<p>&nbsp;<\/p>\n","protected":false},"excerpt":{"rendered":"<p>Festschrift \u2013 800 Jahre Schola Thomana Am 20. M\u00e4rz war es so weit: Die Festschrift der Thomasschule ist erschienen! Der prachtvolle und gewichtige Band gibt sich von au\u00dfen traditionsbewusst: In gr\u00fcnem Leinen mit silberner Aufschrift ist die 800-j\u00e4hrige Geschichte der Thomasschule fest gebunden und f\u00fcr die n\u00e4chsten Generationen sicher aufgehoben. Schl\u00e4gt man das Buch auf, [&hellip;]<\/p>\n","protected":false},"author":3,"featured_media":0,"parent":0,"menu_order":0,"comment_status":"open","ping_status":"open","template":"","meta":[],"_links":{"self":[{"href":"https:\/\/marvin.sachsen.schule\/~tzl\/wordpress\/wp-json\/wp\/v2\/pages\/1696"}],"collection":[{"href":"https:\/\/marvin.sachsen.schule\/~tzl\/wordpress\/wp-json\/wp\/v2\/pages"}],"about":[{"href":"https:\/\/marvin.sachsen.schule\/~tzl\/wordpress\/wp-json\/wp\/v2\/types\/page"}],"author":[{"embeddable":true,"href":"https:\/\/marvin.sachsen.schule\/~tzl\/wordpress\/wp-json\/wp\/v2\/users\/3"}],"replies":[{"embeddable":true,"href":"https:\/\/marvin.sachsen.schule\/~tzl\/wordpress\/wp-json\/wp\/v2\/comments?post=1696"}],"version-history":[{"count":22,"href":"https:\/\/marvin.sachsen.schule\/~tzl\/wordpress\/wp-json\/wp\/v2\/pages\/1696\/revisions"}],"predecessor-version":[{"id":3758,"href":"https:\/\/marvin.sachsen.schule\/~tzl\/wordpress\/wp-json\/wp\/v2\/pages\/1696\/revisions\/3758"}],"wp:attachment":[{"href":"https:\/\/marvin.sachsen.schule\/~tzl\/wordpress\/wp-json\/wp\/v2\/media?parent=1696"}],"curies":[{"name":"wp","href":"https:\/\/api.w.org\/{rel}","templated":true}]}}