{"id":2901,"date":"2017-08-17T08:27:24","date_gmt":"2017-08-17T08:27:24","guid":{"rendered":"https:\/\/marvin.sachsen.schule\/~tzl\/wordpress\/?page_id=2901"},"modified":"2021-01-19T15:29:21","modified_gmt":"2021-01-19T15:29:21","slug":"kunst","status":"publish","type":"page","link":"https:\/\/marvin.sachsen.schule\/~tzl\/wordpress\/kunst\/","title":{"rendered":"Kunst"},"content":{"rendered":"<h3><span style=\"color: #ffffff;\"><a style=\"color: #ffffff;\" href=\"https:\/\/marvin.sachsen.schule\/~tzl\/wordpress\/wp-content\/uploads\/2021\/01\/RundgangKunst480.mov\">RundgangKunst (Film)<\/a><\/span><\/h3>\n<table>\n<tbody>\n<tr>\n<td width=\"75%\"><u>Das Fach Kunst an der Thomasschule zu Leipzig <\/u><br \/>\n1. Fachinformation<br \/>\nDas Fach Kunst ist wesentlicher Bestandteil musisch-k\u00fcnstlerischer Bildung. Es schafft Lern- und Handlungsr\u00e4ume f\u00fcr die individuelle Auseinandersetzung mit Kunst und Kultur auf:<br \/>\n&#8211; der Fl\u00e4che (Malerei\/Grafik, digitale Bildbearbeitung, Foto)<br \/>\n&#8211; in K\u00f6rper und Raum (Plastik, Installation, Environment, Architektur)<br \/>\n&#8211; im Gestalten des Prozesses (Performance, Happening, Fluxus, Aktionskunst)Produktion, Reflexion und Rezeption bedingen sich gegenseitig innerhalb des Arbeitsprozesses. So entsteht innerhalb des bildk\u00fcnstlerischen Arbeitens nicht nur das Bildwerk, sondern schlie\u00dft die Ergr\u00fcndung der Formgestalt (Bildkomposition, Bildbewegung, Bildraum, Bildfarbe etc.) mit ein. Es werden dabei auch Bez\u00fcge zu Werken bildender K\u00fcnstler hergestellt, au\u00dferschulische Lernorte( z.B. Bildermuseum, Kunsthochschule, Park) einbezogen.2. Selbstverst\u00e4ndnis des Faches Kunst:<\/p>\n<p>Die Bilderwelten der elektronischen Medien bestimmen zunehmend unsere Alltagserfahrungen und damit unser Wirklichkeitsverst\u00e4ndnis. Dieser Bilderflut sind auch die Heranwachsenden ausgesetzt. Jugendliche werden damit zum Bestandteil der Konsum- und Erlebnisgesellschaft und deren Massenproduktion.<br \/>\nSchulische und au\u00dferschulische Kunstp\u00e4dagogik thematisiert die bereits zahlreich vorhandenen Realisationsformen von Kunst in und mit den neuen Medien und nimmt diese um Anlass k\u00fcnstlerischen Experimentierens, auch um mit Rezeptions- und Konsumgewohnheiten zu brechen und dieses Medium im Sinne einer praktisch-k\u00fcnstlerischen \u201eMedienkritik\u201c fantasievoll zu hintergehen.<br \/>\nEs werden Wahrnehmungskompetenzen und eine erweiterte Medienkompetenz, vor allem aber eine Kunst nahe, experimentelle Gestaltungskompetenz in bildnerisch-praktischen Prozessen herausgebildet, welche jenseits des am\u00fcsierenden medialen Spiels und der reinen Unterhaltung anzusiedeln sind.<br \/>\nDa das Bildungsziel des Gymnasiums nicht nur intellektuell bestimmt ist, sondern die Gesamtpers\u00f6nlichkeit des Sch\u00fclers einschlie\u00dft, deckt das Fach Kunst wichtige Bereiche der Pers\u00f6nlichkeitsentwicklung der Sch\u00fcler ab. Sie pr\u00e4gen Kreativit\u00e4t f\u00f6rdernde Verhaltensweisen aus, die f\u00fcr ihre weitere Entwicklung von Bedeutung sind.<br \/>\nIm Ringen um bildk\u00fcnstlerische Gestaltung verarbeiten die Sch\u00fcler Alltagserlebnisse, es manifestieren sich ihre Tr\u00e4ume, Illusionen und eigene \u00dcberzeugungen. Dabei erschaffen sie etwas, womit sie sich im h\u00f6chsten Grade identifizieren, wechselnde Ausstellungen im Schulgeb\u00e4ude und der \u00d6ffentlichkeit zeugen davon. Dieser Prozess besitzt identit\u00e4tsstiftende und selbst erforschende Wirkung. Identifikation bedeutet dabei auch, in der Gesellschaft seinen Platz zu finden, innovativ an der L\u00f6sung von Problemen zu arbeiten, den Anforderungen der heutigen Berufs- und Arbeitswelt gewachsen zu sein.<br \/>\nDas Fach Kunst praktiziert Handlungsweisen, die sich auf nahezu alle T\u00e4tigkeitsfelder \u00fcbertragen lassen.<br \/>\nA. Hempel<\/td>\n<td width=\"25%\"><img loading=\"lazy\" class=\"aligncenter size-full wp-image-2952\" src=\"https:\/\/marvin.sachsen.schule\/~tzl\/wordpress\/wp-content\/uploads\/2017\/08\/Img_2759.jpg\" alt=\"\" width=\"118\" height=\"96\" \/><br \/>\n<img loading=\"lazy\" class=\"aligncenter size-full wp-image-2953\" src=\"https:\/\/marvin.sachsen.schule\/~tzl\/wordpress\/wp-content\/uploads\/2017\/08\/Img_4465.jpg\" alt=\"\" width=\"118\" height=\"79\" \/><br \/>\n<img loading=\"lazy\" class=\"aligncenter size-full wp-image-2954\" src=\"https:\/\/marvin.sachsen.schule\/~tzl\/wordpress\/wp-content\/uploads\/2017\/08\/Img_5830.jpg\" alt=\"\" width=\"118\" height=\"79\" \/><br \/>\n<img loading=\"lazy\" class=\"aligncenter size-full wp-image-2955\" src=\"https:\/\/marvin.sachsen.schule\/~tzl\/wordpress\/wp-content\/uploads\/2017\/08\/Img_8794.jpg\" alt=\"\" width=\"118\" height=\"79\" \/><br \/>\n<img loading=\"lazy\" class=\"aligncenter size-full wp-image-2957\" src=\"https:\/\/marvin.sachsen.schule\/~tzl\/wordpress\/wp-content\/uploads\/2017\/08\/Img_9477.jpg\" alt=\"\" width=\"118\" height=\"79\" \/><br \/>\n<img loading=\"lazy\" class=\"aligncenter size-full wp-image-2960\" src=\"https:\/\/marvin.sachsen.schule\/~tzl\/wordpress\/wp-content\/uploads\/2017\/08\/WP_20170331_10_29_42_Pro.jpg\" alt=\"\" width=\"118\" height=\"79\" \/><br \/>\n<img loading=\"lazy\" class=\"aligncenter size-full wp-image-2959\" src=\"https:\/\/marvin.sachsen.schule\/~tzl\/wordpress\/wp-content\/uploads\/2017\/08\/IMG-20160203-WA0007.jpg\" alt=\"\" width=\"118\" height=\"80\" \/><br \/>\n<img loading=\"lazy\" class=\"aligncenter size-full wp-image-2958\" src=\"https:\/\/marvin.sachsen.schule\/~tzl\/wordpress\/wp-content\/uploads\/2017\/08\/Img_9841.jpg\" alt=\"\" width=\"118\" height=\"79\" \/><\/td>\n<\/tr>\n<\/tbody>\n<\/table>\n<p><img loading=\"lazy\" class=\"aligncenter size-full wp-image-2950\" src=\"https:\/\/marvin.sachsen.schule\/~tzl\/wordpress\/wp-content\/uploads\/2017\/08\/image.jpeg\" alt=\"\" width=\"141\" height=\"160\" \/> <img loading=\"lazy\" class=\"aligncenter size-full wp-image-2951\" src=\"https:\/\/marvin.sachsen.schule\/~tzl\/wordpress\/wp-content\/uploads\/2017\/08\/Img_2413.jpg\" alt=\"\" width=\"122\" height=\"160\" \/> <img loading=\"lazy\" class=\"aligncenter size-full wp-image-2956\" src=\"https:\/\/marvin.sachsen.schule\/~tzl\/wordpress\/wp-content\/uploads\/2017\/08\/Img_9384.jpg\" alt=\"\" width=\"107\" height=\"160\" \/> <img loading=\"lazy\" class=\"aligncenter size-full wp-image-2980\" src=\"https:\/\/marvin.sachsen.schule\/~tzl\/wordpress\/wp-content\/uploads\/2017\/08\/image1a.jpg\" alt=\"\" width=\"314\" height=\"160\" srcset=\"https:\/\/marvin.sachsen.schule\/~tzl\/wordpress\/wp-content\/uploads\/2017\/08\/image1a.jpg 348w, https:\/\/marvin.sachsen.schule\/~tzl\/wordpress\/wp-content\/uploads\/2017\/08\/image1a-300x153.jpg 300w\" sizes=\"(max-width: 314px) 100vw, 314px\" \/><\/p>\n<p><a href=\"https:\/\/marvin.sachsen.schule\/~tzl\/wordpress\/wp-content\/uploads\/2017\/08\/Performance_2015_im_Kunstkraftwerk.mp4\"><span style=\"color: yellow;\">Performance (hier klicken!)<\/span><\/a><\/p>\n","protected":false},"excerpt":{"rendered":"<p>RundgangKunst (Film) Das Fach Kunst an der Thomasschule zu Leipzig 1. Fachinformation Das Fach Kunst ist wesentlicher Bestandteil musisch-k\u00fcnstlerischer Bildung. Es schafft Lern- und Handlungsr\u00e4ume f\u00fcr die individuelle Auseinandersetzung mit Kunst und Kultur auf: &#8211; der Fl\u00e4che (Malerei\/Grafik, digitale Bildbearbeitung, Foto) &#8211; in K\u00f6rper und Raum (Plastik, Installation, Environment, Architektur) &#8211; im Gestalten des Prozesses [&hellip;]<\/p>\n","protected":false},"author":4,"featured_media":0,"parent":0,"menu_order":0,"comment_status":"closed","ping_status":"closed","template":"","meta":[],"_links":{"self":[{"href":"https:\/\/marvin.sachsen.schule\/~tzl\/wordpress\/wp-json\/wp\/v2\/pages\/2901"}],"collection":[{"href":"https:\/\/marvin.sachsen.schule\/~tzl\/wordpress\/wp-json\/wp\/v2\/pages"}],"about":[{"href":"https:\/\/marvin.sachsen.schule\/~tzl\/wordpress\/wp-json\/wp\/v2\/types\/page"}],"author":[{"embeddable":true,"href":"https:\/\/marvin.sachsen.schule\/~tzl\/wordpress\/wp-json\/wp\/v2\/users\/4"}],"replies":[{"embeddable":true,"href":"https:\/\/marvin.sachsen.schule\/~tzl\/wordpress\/wp-json\/wp\/v2\/comments?post=2901"}],"version-history":[{"count":26,"href":"https:\/\/marvin.sachsen.schule\/~tzl\/wordpress\/wp-json\/wp\/v2\/pages\/2901\/revisions"}],"predecessor-version":[{"id":4654,"href":"https:\/\/marvin.sachsen.schule\/~tzl\/wordpress\/wp-json\/wp\/v2\/pages\/2901\/revisions\/4654"}],"wp:attachment":[{"href":"https:\/\/marvin.sachsen.schule\/~tzl\/wordpress\/wp-json\/wp\/v2\/media?parent=2901"}],"curies":[{"name":"wp","href":"https:\/\/api.w.org\/{rel}","templated":true}]}}