{"id":3052,"date":"2017-09-25T08:02:32","date_gmt":"2017-09-25T08:02:32","guid":{"rendered":"https:\/\/marvin.sachsen.schule\/~tzl\/wordpress\/?page_id=3052"},"modified":"2022-01-23T11:57:36","modified_gmt":"2022-01-23T11:57:36","slug":"englisch-2","status":"publish","type":"page","link":"https:\/\/marvin.sachsen.schule\/~tzl\/wordpress\/englisch-2\/","title":{"rendered":"Englisch"},"content":{"rendered":"<p><b>Welcome to St. Thomas School<\/b><\/p>\n<p>Nice to welcome you here!<\/p>\n<p><img loading=\"lazy\" class=\"wp-image-5261 size-medium alignright\" src=\"https:\/\/marvin.sachsen.schule\/~tzl\/wordpress\/wp-content\/uploads\/2022\/01\/Maskottchen-300x169.jpg\" alt=\"\" width=\"300\" height=\"169\" srcset=\"https:\/\/marvin.sachsen.schule\/~tzl\/wordpress\/wp-content\/uploads\/2022\/01\/Maskottchen-300x169.jpg 300w, https:\/\/marvin.sachsen.schule\/~tzl\/wordpress\/wp-content\/uploads\/2022\/01\/Maskottchen-768x432.jpg 768w, https:\/\/marvin.sachsen.schule\/~tzl\/wordpress\/wp-content\/uploads\/2022\/01\/Maskottchen.jpg 1000w\" sizes=\"(max-width: 300px) 100vw, 300px\" \/><\/p>\n<p>Auf dieser Seite finden Sie aktuelle Meldungen rund um Theaterg\u00e4nge und Auslandsfahrten sowie allgemeine Informationen zu Lehrwerken, Terminen und interessanten Hinweisen.<\/p>\n<p>Neu: Leider k\u00f6nnen wir in diesem Schuljahr aufgrund der aktuellen Situation nicht alle au\u00dferschulischen Angebote wahrnehmen. Somit entf\u00e4llt auch die beliebte Studienfahrt der 9.Klasse nach England.<\/p>\n<p><b>Lehrwerke<\/b><\/p>\n<p>Folgende Lehrwerke werden in den einzelnen Klassenstufen verwendet:<\/p>\n<p>Klasse 5: Cornelsen, Access 1<\/p>\n<p>Klasse 6: Cornelsen, Access 2<\/p>\n<p>Klasse 7: Cornelsen, Access 3<\/p>\n<p>Klasse 8: Cornelsen, Access 4<\/p>\n<p>Klasse 9: Cornelsen, Access 5, Abschlussband<\/p>\n<p>Klasse 10: Cornelsen, Access 6<\/p>\n<p>&nbsp;<\/p>\n<p>Klasse 11\/12 (LK und GK): Cornelsen, Context<\/p>\n<p>Die Arbeitshefte zu den Lehrwerken werden in den Klassen 5, 6 und 7 verwendet.<\/p>\n<p><b>Termine im Schuljahr 2021\/2022:<\/b><\/p>\n<p>Abitur Englisch sprachpraktische Pr\u00fcfung: 28.April 2022<\/p>\n<p>Abitur Englisch schriftliche Pr\u00fcfung: 29.April 2022<\/p>\n<p><b>Fremdsprachenassistent<\/b><\/p>\n<p>Die letzten Jahre wurden unsere Englischkollegen von Fremdsprachenassistenten aus den USA unterst\u00fctzt. Sie waren Teil des Unterrichtsgeschehens und f\u00f6rderten somit das Interesse an der Fremdsprache. F\u00fcr das aktuelle Schuljahr konnten wir leider (wohl auch durch Corona) keinen Fremdsprachenassistenten gewinnen.<span class=\"Apple-converted-space\">\u00a0<\/span><\/p>\n<p><b>Referendarausbildung<span class=\"Apple-converted-space\">\u00a0<\/span><\/b><\/p>\n<p>An unserer Schule werden Referendare ausgebildet. Diese \u00fcbernehmen im ersten Ausbildungsabschnitt einzelne begleitete Stunden und ab dem zweiten Drittel ihrer Ausbildung eigene Klassen. Sch\u00fcler und Lehrer profitieren von den neuen Ideen und gegenseitigem Feedback.<\/p>\n<p><b>Wechsel von der Grundschule an die Thomasschule:<\/b><\/p>\n<p>In unserem Lehrwerk Access 1 wird in einer Einstiegslektion der Wortschatz und somit die Grundlagen aus der Grundschule wiederholt. Somit holen wir alle Sch\u00fcler ab.<\/p>\n<p><b>Englisch au\u00dferhalb des Klassenraumes<\/b><\/p>\n<p>Englandfahrt 2019<\/p>\n<p>Seit einigen Jahren bietet unsere Schule am Schuljahresende eine Studienreise nach England an. Da die Sch\u00fcler der 9.Klassen in Gastfamilien untergebracht sind, k\u00f6nnen sie auf diese Weise ihre erworbenen Sprachkenntnisse anwenden und die britische Welt pers\u00f6nlich kennenlernen. Unsere Reise 2019 begann im wundersch\u00f6nen mittelalterlichen Canterbury mit dem Besuch der ber\u00fchmten Kathedrale. Das Wahrzeichen der Stadt ist noch heute der Sitz des geistlichen Oberhaupts der Kirche von England. Bei einer Erkundungstour durch die versteckten G\u00e4nge des Klostergeb\u00e4udes und der zugeh\u00f6rigen Gartenanlage stie\u00dfen wir auf eine Live-Darbietung einer texanischen Glockenspielgruppe und konnten so die einmalige historische Atmosph\u00e4re mit passender musikalischer Untermalung genie\u00dfen. Nach einem individuellen Stadtbummel durch eng gewundene G\u00e4sschen, vorbei an Fachwerkh\u00e4usern im viktorianischen Stil und einer kulinarischen St\u00e4rkung, ging es mit dem Bus weiter nach London. Hier warteten bereits die Gastfamilien auf uns, um uns herzlich in Empfang zu nehmen. Nach einer erholsamen Nacht ging es gleich los in die Innenstadt von London. Auf einer Bustour erkundeten wir die ber\u00fchmtesten Sehensw\u00fcrdigkeiten und bekamen w\u00e4hrenddessen noch wissenswerte sowie am\u00fcsante Hintergrundinformationen von einem sympathischen local guide. Die neu gewonnenen Insider Tipps lie\u00dfen sich auch schon gleich darauf nach Belieben umsetzen, denn bei individueller Freizeit konnte jeder seinen pers\u00f6nlichen Interessen nachgehen. Am Dienstag besuchten wir die Harry Potter Studios, die nicht nur f\u00fcr Fans der beliebten Fantasy-Serie ein echtes Highlight darstellten. Bei einer Tour durch die Originalkulissen schlenderten wir u.a. durch die Winkelgasse, kosteten die ber\u00fchmten Bertie Bott\u2019s Beans und entdeckten, welche Tricks sich hinter dem ein oder anderem Spezialeffekt der Kinofilme verbergen. Anschlie\u00dfend ging es weiter nach Windsor, wo sich einige von uns bei einem Spaziergang entlang des Long Walk in Richtung Windsor Castle auf die Spuren der royal wedding von Prinz Harry und seiner Meghan begaben. Bei einer gem\u00fctlichen tea time in einem der zahlreichen Caf\u00e9s oder einem Stadtbummel durch die kleinen Gesch\u00e4fte lie\u00df sich das Ambiente der Stadt genauso gut erleben. Das Wetter war auch am Mittwoch auf unserer Seite, als wir die fr\u00f6hlich-bunte K\u00fcstenstadt Brighton besuchten. Hier erhielten wir eine Audiotour durch die prunkvollen R\u00e4umlichkeiten des asiatisch anmutenden Palastes, der vor 200 Jahren von King George IV. erbaut wurde. So erfuhren wir viele historische Details und bekamen einen ungef\u00e4hren Eindruck von dem Leben der damaligen Zeit. Im Anschluss daran hatte jeder noch einmal die M\u00f6glichkeit, die Stadt nach Lust und Laune zu erkunden, bevor wir unsere Reise mit einem Besuch des Aquariums Sea Life abschlossen. In der Zwischenzeit konnte man bei M\u00f6wengeschrei und Wellenrauschen am Strand entspannen. Vintage-Fans und Freunde der kreativen K\u00fcche wurden w\u00e4hrenddessen in den einzigartigen L\u00e4den des K\u00fcnstlerviertels North Laine f\u00fcndig. Mit den vielen neu gewonnen Eindr\u00fccken ging es dann wieder zur\u00fcck in Richtung Heimat.<\/p>\n<p><b>Shakespeares Macbeth<\/b><\/p>\n<p>Im Februar 2020 nutzten zahlreiche Sch\u00fclerinnen und Sch\u00fcler der Englischkurse 11 und 12 die M\u00f6glichkeit, die Auff\u00fchrung von Shakespeares \u201eMacbeth\u201c der American Drama Group im Schauspiel Leipzig zu erleben. Das reduzierte B\u00fchnenbild half den Zuschauenden, sich voll und ganz auf den originalgetreuen Text zu konzentrieren. Damit war diese Inszenierung eine gelungene Erg\u00e4nzung zur schulischen Lekt\u00fcre.<\/p>\n<p>&nbsp;<\/p>\n","protected":false},"excerpt":{"rendered":"<p>Welcome to St. Thomas School Nice to welcome you here! Auf dieser Seite finden Sie aktuelle Meldungen rund um Theaterg\u00e4nge und Auslandsfahrten sowie allgemeine Informationen zu Lehrwerken, Terminen und interessanten Hinweisen. Neu: Leider k\u00f6nnen wir in diesem Schuljahr aufgrund der aktuellen Situation nicht alle au\u00dferschulischen Angebote wahrnehmen. Somit entf\u00e4llt auch die beliebte Studienfahrt der 9.Klasse [&hellip;]<\/p>\n","protected":false},"author":4,"featured_media":0,"parent":0,"menu_order":0,"comment_status":"closed","ping_status":"closed","template":"","meta":[],"_links":{"self":[{"href":"https:\/\/marvin.sachsen.schule\/~tzl\/wordpress\/wp-json\/wp\/v2\/pages\/3052"}],"collection":[{"href":"https:\/\/marvin.sachsen.schule\/~tzl\/wordpress\/wp-json\/wp\/v2\/pages"}],"about":[{"href":"https:\/\/marvin.sachsen.schule\/~tzl\/wordpress\/wp-json\/wp\/v2\/types\/page"}],"author":[{"embeddable":true,"href":"https:\/\/marvin.sachsen.schule\/~tzl\/wordpress\/wp-json\/wp\/v2\/users\/4"}],"replies":[{"embeddable":true,"href":"https:\/\/marvin.sachsen.schule\/~tzl\/wordpress\/wp-json\/wp\/v2\/comments?post=3052"}],"version-history":[{"count":47,"href":"https:\/\/marvin.sachsen.schule\/~tzl\/wordpress\/wp-json\/wp\/v2\/pages\/3052\/revisions"}],"predecessor-version":[{"id":5266,"href":"https:\/\/marvin.sachsen.schule\/~tzl\/wordpress\/wp-json\/wp\/v2\/pages\/3052\/revisions\/5266"}],"wp:attachment":[{"href":"https:\/\/marvin.sachsen.schule\/~tzl\/wordpress\/wp-json\/wp\/v2\/media?parent=3052"}],"curies":[{"name":"wp","href":"https:\/\/api.w.org\/{rel}","templated":true}]}}