{"id":3133,"date":"2017-11-15T10:21:10","date_gmt":"2017-11-15T10:21:10","guid":{"rendered":"https:\/\/marvin.sachsen.schule\/~tzl\/wordpress\/?page_id=3133"},"modified":"2021-01-21T07:49:06","modified_gmt":"2021-01-21T07:49:06","slug":"latein-2","status":"publish","type":"page","link":"https:\/\/marvin.sachsen.schule\/~tzl\/wordpress\/latein-2\/","title":{"rendered":"Latein"},"content":{"rendered":"<h3><span style=\"color: #ffffff;\">Salve!<\/span><\/h3>\n<p><span style=\"color: #ffffff;\">Das Fach Latein wird an der Thomasschule zu Leipzig ab dem 5. Schuljahr als zweite vorgezogene Fremdsprache im Rahmen von vier Wochenstunden &#8211; f\u00fcr alle Sch\u00fcler und Sch\u00fclerinnen verbindlich &#8211; unterrichtet.\u00a0Wir arbeiten mit Beginn des 5. Schuljahres mit dem Lehrbuch &#8222;prima.nova&#8220;. <\/span><\/p>\n<p><span style=\"color: #ffffff;\">Innerhalb des Unterrichts bem\u00fchen wir uns darum, dass die Sch\u00fcler insbesondere Sprach-, Text- und Kulturkompetenz erwerben.<br \/>\nDas Fach Latein ist zudem heute eine Reflexionssprache, so dass nicht die Kommunikation, sondern die \u00dcbersetzung den Unterrichtsschwerpunkt darstellt. Die Kollegen achten aber auch darauf, dass neben dem Spracherwerb auch die Zeit der Antike in den Mittelpunkt gestellt wird.<\/span><\/p>\n<p><span style=\"color: #ffffff;\">Ab dem Halbjahr der 8. Klasse beginnt die Lekt\u00fcrephase, das hei\u00dft, dass Texte von lateinischen Autoren gelesen und interpretiert werden. Dazu ist es n\u00f6tig, dass mit dem W\u00f6rterbuch gearbeitet wird.<br \/>\nMit dem Ende der 9. Klasse erhalten die Sch\u00fcler und Sch\u00fclerinnen das Latinum. Sie m\u00fcssen aber als Voraussetzung mindestens die Note Vier erreicht haben. Das Latinum selbst ist an das bestandene Abitur gebunden.<br \/>\nLatein wird weiterhin als Fach in der 10. Klasse \u2013 drei Stunden- und als Grundkurs in der 11. und 12. Klasse \u2013 ebenfalls drei Stunden &#8211; angeboten.<br \/>\nWir bem\u00fchen uns zudem, Sch\u00fclerinnen und Sch\u00fclern, die das Fach weiterhin belegen, eine Exkursion nach Rom anzubieten. Ebenso besteht die M\u00f6glichkeit bei vollst\u00e4ndiger Belegung der Grundkurse, Latein als m\u00fcndliche Abiturpr\u00fcfung zu w\u00e4hlen.<br \/>\nSehr interessierte Sch\u00fcler und Sch\u00fclerinnen haben auch erfolgreich am Sprachenseminar und am Bundeswettbewerb f\u00fcr Fremdsprachen teilgenommen.<\/span><\/p>\n<p><span style=\"color: #ffffff;\">Das Fach Latein kann nach der 9. Klasse abgew\u00e4hlt werden, es muss daf\u00fcr an dieser Schule aber eine Ersatzsprache belegt werden, die als Ersatzfach gilt und bis zur 12. Klasse verbindlich zu belegen ist.<\/span><\/p>\n<p><span style=\"color: #ffffff;\">Valete!<\/span><\/p>\n<p>&nbsp;<\/p>\n","protected":false},"excerpt":{"rendered":"<p>Salve! Das Fach Latein wird an der Thomasschule zu Leipzig ab dem 5. Schuljahr als zweite vorgezogene Fremdsprache im Rahmen von vier Wochenstunden &#8211; f\u00fcr alle Sch\u00fcler und Sch\u00fclerinnen verbindlich &#8211; unterrichtet.\u00a0Wir arbeiten mit Beginn des 5. Schuljahres mit dem Lehrbuch &#8222;prima.nova&#8220;. Innerhalb des Unterrichts bem\u00fchen wir uns darum, dass die Sch\u00fcler insbesondere Sprach-, Text- [&hellip;]<\/p>\n","protected":false},"author":4,"featured_media":0,"parent":0,"menu_order":0,"comment_status":"closed","ping_status":"closed","template":"","meta":[],"_links":{"self":[{"href":"https:\/\/marvin.sachsen.schule\/~tzl\/wordpress\/wp-json\/wp\/v2\/pages\/3133"}],"collection":[{"href":"https:\/\/marvin.sachsen.schule\/~tzl\/wordpress\/wp-json\/wp\/v2\/pages"}],"about":[{"href":"https:\/\/marvin.sachsen.schule\/~tzl\/wordpress\/wp-json\/wp\/v2\/types\/page"}],"author":[{"embeddable":true,"href":"https:\/\/marvin.sachsen.schule\/~tzl\/wordpress\/wp-json\/wp\/v2\/users\/4"}],"replies":[{"embeddable":true,"href":"https:\/\/marvin.sachsen.schule\/~tzl\/wordpress\/wp-json\/wp\/v2\/comments?post=3133"}],"version-history":[{"count":26,"href":"https:\/\/marvin.sachsen.schule\/~tzl\/wordpress\/wp-json\/wp\/v2\/pages\/3133\/revisions"}],"predecessor-version":[{"id":4721,"href":"https:\/\/marvin.sachsen.schule\/~tzl\/wordpress\/wp-json\/wp\/v2\/pages\/3133\/revisions\/4721"}],"wp:attachment":[{"href":"https:\/\/marvin.sachsen.schule\/~tzl\/wordpress\/wp-json\/wp\/v2\/media?parent=3133"}],"curies":[{"name":"wp","href":"https:\/\/api.w.org\/{rel}","templated":true}]}}