{"id":3642,"date":"2018-11-23T10:19:28","date_gmt":"2018-11-23T10:19:28","guid":{"rendered":"https:\/\/marvin.sachsen.schule\/~tzl\/wordpress\/?page_id=3642"},"modified":"2023-11-05T15:59:13","modified_gmt":"2023-11-05T15:59:13","slug":"berufsberatung","status":"publish","type":"page","link":"https:\/\/marvin.sachsen.schule\/~tzl\/wordpress\/berufsberatung\/","title":{"rendered":"Berufsberatung"},"content":{"rendered":"<p><b>Berufsorientierung an der Thomasschule<\/b><\/p>\n<p>An der Thomasschule finden zahlreiche Ma\u00dfnahmen zur Berufs- und Studienorientierung statt. Ziel ist es, die Sch\u00fcler\/innen mit Kompetenzen auszustatten, die es ihnen erlauben, sich eigenst\u00e4ndig und zielorientiert in der Arbeitswelt zurechtzufinden. Dazu arbeiten das Kollegium, Berufsberater und externe Experten eng mit den Sch\u00fcler\/innen zusammen.<\/p>\n<p>Die folgende Auflistung bietet einen Auszug bez\u00fcglich der Ma\u00dfnahmen, die im Rahmen der Berufsorientierung in den einzelnen Jahrgangsstufen geplant sind.<\/p>\n<p><strong>Klasse 5\/6<\/strong>\u00a0Fachspezifische und altersgerechte Behandlung relevanter Themen<br \/>\n<strong>Klasse 7<\/strong>\u00a0Potenzialanalyse<br \/>\n<strong>Klasse 8<\/strong>\u00a0Werkstatttage \/ Profilunterricht<br \/>\n<strong>Klasse 9<\/strong>\u00a0Betriebserkundung \/ Profilunterricht<br \/>\n<strong>Klasse 10<\/strong>\u00a0Besuch des BIZ \/ Betriebspraktikum \/ Profilunterricht<br \/>\n<strong>Klasse 11\/12<\/strong>\u00a0Studienkongress \/ studienfeldbezogener Beratungstest<\/p>\n<p>Der Thomasschule steht mit Frau Schulz-Schubert <span style=\"color: #000000;\"><a style=\"color: #000000;\" href=\"https:\/\/marvin.sachsen.schule\/~tzl\/wordpress\/wp-content\/uploads\/2023\/11\/Steckbrief-Fr.-Schulz-Schubert.pdf\"><i>(PDF)<\/i><\/a><\/span> eine Berufsberaterin der Bundesagentur f\u00fcr Arbeit zur Verf\u00fcgung. Sie bietet regelm\u00e4\u00dfig Sprechstunden, Seminare und Elternabende zum Thema Berufsorientierung an.<\/p>\n<p><strong><i>Termine Schuljahr 2023\/24:<br \/>\n<\/i><\/strong>8.04.2024 &#8211; 19.4.2024:<span class=\"Apple-converted-space\">\u00a0<\/span><strong>Betriebspraktikum <\/strong>f\u00fcr 10.\u00a0Klassen<\/p>\n<p>Folgende Links helfen bei der Suche nach Praktikumsbetrieben, Ausbildungs- und Studienpl\u00e4tzen weiter:<\/p>\n<p>* Praktikum finden:<br \/>\n<a href=\"https:\/\/www.leipzig.de\/wirtschaft-und-wissenschaft\/arbeiten-in-leipzig\/berufs-und-studienorientierung\/arbeitskreis-schulewirtschaft\/praktikumsangebote-fuer-schueler-in-leipzig\/\">https:\/\/www.leipzig.de\/wirtschaft-und-wissenschaft\/arbeiten-in-leipzig\/berufs-und-studienorientierung\/arbeitskreis-schulewirtschaft\/praktikumsangebote-fuer-schueler-in-leipzig\/<\/a><br \/>\n* Ausbildung finden:<br \/>\n<a href=\"https:\/\/jobboerse.arbeitsagentur.de\/\">https:\/\/jobboerse.arbeitsagentur.de\/<\/a><br \/>\n* Studienplatz finden:<br \/>\n<a href=\"https:\/\/www.hochschulkompass.de\/home.html\">https:\/\/www.hochschulkompass.de\/home.html<\/a><\/p>\n","protected":false},"excerpt":{"rendered":"<p>Berufsorientierung an der Thomasschule An der Thomasschule finden zahlreiche Ma\u00dfnahmen zur Berufs- und Studienorientierung statt. Ziel ist es, die Sch\u00fcler\/innen mit Kompetenzen auszustatten, die es ihnen erlauben, sich eigenst\u00e4ndig und zielorientiert in der Arbeitswelt zurechtzufinden. Dazu arbeiten das Kollegium, Berufsberater und externe Experten eng mit den Sch\u00fcler\/innen zusammen. Die folgende Auflistung bietet einen Auszug bez\u00fcglich [&hellip;]<\/p>\n","protected":false},"author":4,"featured_media":0,"parent":0,"menu_order":0,"comment_status":"closed","ping_status":"closed","template":"","meta":[],"_links":{"self":[{"href":"https:\/\/marvin.sachsen.schule\/~tzl\/wordpress\/wp-json\/wp\/v2\/pages\/3642"}],"collection":[{"href":"https:\/\/marvin.sachsen.schule\/~tzl\/wordpress\/wp-json\/wp\/v2\/pages"}],"about":[{"href":"https:\/\/marvin.sachsen.schule\/~tzl\/wordpress\/wp-json\/wp\/v2\/types\/page"}],"author":[{"embeddable":true,"href":"https:\/\/marvin.sachsen.schule\/~tzl\/wordpress\/wp-json\/wp\/v2\/users\/4"}],"replies":[{"embeddable":true,"href":"https:\/\/marvin.sachsen.schule\/~tzl\/wordpress\/wp-json\/wp\/v2\/comments?post=3642"}],"version-history":[{"count":14,"href":"https:\/\/marvin.sachsen.schule\/~tzl\/wordpress\/wp-json\/wp\/v2\/pages\/3642\/revisions"}],"predecessor-version":[{"id":5659,"href":"https:\/\/marvin.sachsen.schule\/~tzl\/wordpress\/wp-json\/wp\/v2\/pages\/3642\/revisions\/5659"}],"wp:attachment":[{"href":"https:\/\/marvin.sachsen.schule\/~tzl\/wordpress\/wp-json\/wp\/v2\/media?parent=3642"}],"curies":[{"name":"wp","href":"https:\/\/api.w.org\/{rel}","templated":true}]}}