{"id":37,"date":"2012-06-19T07:16:53","date_gmt":"2012-06-19T07:16:53","guid":{"rendered":"http:\/\/marvin.sn.schule.de\/~tzl\/wordpress\/?page_id=37"},"modified":"2021-11-05T10:19:12","modified_gmt":"2021-11-05T10:19:12","slug":"sekundarstufe-2","status":"publish","type":"page","link":"https:\/\/marvin.sachsen.schule\/~tzl\/wordpress\/sekundarstufe-2\/","title":{"rendered":"Sekundarstufe 2"},"content":{"rendered":"<h1><span style=\"font-size: xx-large;\">Oberstufe<\/span><\/h1>\n<p>Die Thomasschule bietet neben dem normalen Kursangebot eines s\u00e4chsischen Gymnasiums eine vertieft musische Ausbildung an. In der vertieft musischen Ausbildung werden der Musikleistungskurs und zwei weitere Leistungskurse belegt. Eine Aufnahme in den Leistungskurs Musik erfolgt nach vorheriger Aufnahmepr\u00fcfung.<\/p>\n<h2><b>Kursangebot in der allgemeinen Ausbildung:<\/b><\/h2>\n<p><b>Leistungskurse: <\/b>Als erster Leistungskurs wird Deutsch oder Mathematik gew\u00e4hlt. Der zweite Leistungskurs kann Englisch, Geschichte, Kunst, Biologie, Chemie oder Physik sein.<\/p>\n<p><b>Grundkurse: <\/b>Es k\u00f6nnen alle F\u00e4cher der Sekundarstufe 1 fortgef\u00fchrt werden. Zus\u00e4tzlich werden als <b>Ersetzungs- und Erg\u00e4nzungskurse<\/b> die F\u00e4cher Informatik und Chor\/Orchester angeboten.<\/p>\n<p>Sch\u00fcler, die in der Sekundarstufe 1 Altgriechisch belegt haben, k\u00f6nnen in der Oberstufe Altgriechisch fortf\u00fchren und mit dem Graecum abschlie\u00dfen.<\/p>\n<h2 style=\"text-align: justify;\"><strong>Kursangebot in der vertieft musischen Ausbildung:<\/strong><\/h2>\n<p style=\"text-align: justify;\"><span style=\"color: #ffcc99;\"><strong><a style=\"color: #ffcc99;\" title=\"vertiefte musische Ausbildung (Chor) nach SOGYA \u00a74\" href=\"http:\/\/marvin.sn.schule.de\/~tzl\/wordpress\/vertiefte-musische-ausbildung-%c2%a74\/\">bitte hier informieren<\/a><\/strong><\/span><\/p>\n<h2 style=\"text-align: justify;\"><strong>Dokumente:<\/strong><\/h2>\n<ul>\n<li><span style=\"color: #ffcc99;\"><a style=\"color: #ffcc99;\" href=\"https:\/\/marvin.sachsen.schule\/~tzl\/wordpress\/wp-content\/uploads\/2021\/02\/Nutzungsvereinbarung-BYOD.pdf\">Hinweise und Formblatt f\u00fcr die Nutzung privater Endger\u00e4te im Unterricht BYOD (ab Klasse 10)<\/a><\/span><\/li>\n<li><span style=\"color: #ffcc99;\"><a style=\"color: #ffcc99;\" href=\"https:\/\/marvin.sachsen.schule\/~tzl\/wordpress\/wp-content\/uploads\/2021\/11\/Weg-zum-Abitur.pdf\">Der Weg zum Abitur<\/a><\/span><\/li>\n<li><span style=\"color: #ffcc99;\"><a style=\"color: #ffcc99;\" href=\"https:\/\/marvin.sachsen.schule\/~tzl\/wordpress\/wp-content\/uploads\/2021\/11\/Belegplan.pdf\">Belegplan<\/a><\/span><\/li>\n<li><span style=\"color: #ffcc99;\"><a style=\"color: #ffcc99;\" href=\"https:\/\/marvin.sachsen.schule\/~tzl\/wordpress\/wp-content\/uploads\/2021\/11\/Belegplan-\u00a74.pdf\">Belegplan \u00a74<\/a><\/span><\/li>\n<li><span style=\"color: #ffcc99;\"><a style=\"color: #ffcc99;\" href=\"https:\/\/marvin.sachsen.schule\/~tzl\/wordpress\/wp-content\/uploads\/2012\/06\/Anmeldung-Bell.pdf\">Anmeldung einer Bell<\/a><\/span><\/li>\n<li><span style=\"color: #ffcc99;\"><a style=\"color: #ffcc99;\" href=\"https:\/\/marvin.sachsen.schule\/~tzl\/wordpress\/wp-content\/uploads\/2012\/06\/Antrag_Koll.pdf\">Anmeldung einer Koll<\/a><\/span><\/li>\n<li><span style=\"color: #ffcc99;\"><a style=\"color: #ffcc99;\" href=\"https:\/\/marvin.sachsen.schule\/~tzl\/wordpress\/wp-content\/uploads\/2021\/01\/DokumentenvorlageKollTS2020.docx\">Aufbau einer Koll \/ Bell<\/a><\/span><\/li>\n<li><span style=\"color: #ffcc99;\"><a style=\"color: #ffcc99;\" href=\"https:\/\/marvin.sachsen.schule\/~tzl\/wordpress\/wp-content\/uploads\/2020\/04\/ersteschritteernsax20200402.pdf\">Hinweise zur Benutzung von LernSax.<\/a><\/span><\/li>\n<\/ul>\n<p>Die Klausurpl\u00e4ne k\u00f6nnen im Lernsax-Kalender der jeweiligen Jahrgangsstufe eingesehen werden.<\/p>\n","protected":false},"excerpt":{"rendered":"<p>Oberstufe Die Thomasschule bietet neben dem normalen Kursangebot eines s\u00e4chsischen Gymnasiums eine vertieft musische Ausbildung an. In der vertieft musischen Ausbildung werden der Musikleistungskurs und zwei weitere Leistungskurse belegt. Eine Aufnahme in den Leistungskurs Musik erfolgt nach vorheriger Aufnahmepr\u00fcfung. Kursangebot in der allgemeinen Ausbildung: Leistungskurse: Als erster Leistungskurs wird Deutsch oder Mathematik gew\u00e4hlt. Der zweite [&hellip;]<\/p>\n","protected":false},"author":2,"featured_media":0,"parent":0,"menu_order":0,"comment_status":"open","ping_status":"open","template":"","meta":[],"_links":{"self":[{"href":"https:\/\/marvin.sachsen.schule\/~tzl\/wordpress\/wp-json\/wp\/v2\/pages\/37"}],"collection":[{"href":"https:\/\/marvin.sachsen.schule\/~tzl\/wordpress\/wp-json\/wp\/v2\/pages"}],"about":[{"href":"https:\/\/marvin.sachsen.schule\/~tzl\/wordpress\/wp-json\/wp\/v2\/types\/page"}],"author":[{"embeddable":true,"href":"https:\/\/marvin.sachsen.schule\/~tzl\/wordpress\/wp-json\/wp\/v2\/users\/2"}],"replies":[{"embeddable":true,"href":"https:\/\/marvin.sachsen.schule\/~tzl\/wordpress\/wp-json\/wp\/v2\/comments?post=37"}],"version-history":[{"count":97,"href":"https:\/\/marvin.sachsen.schule\/~tzl\/wordpress\/wp-json\/wp\/v2\/pages\/37\/revisions"}],"predecessor-version":[{"id":5164,"href":"https:\/\/marvin.sachsen.schule\/~tzl\/wordpress\/wp-json\/wp\/v2\/pages\/37\/revisions\/5164"}],"wp:attachment":[{"href":"https:\/\/marvin.sachsen.schule\/~tzl\/wordpress\/wp-json\/wp\/v2\/media?parent=37"}],"curies":[{"name":"wp","href":"https:\/\/api.w.org\/{rel}","templated":true}]}}