{"id":3802,"date":"2019-01-24T08:10:30","date_gmt":"2019-01-24T08:10:30","guid":{"rendered":"https:\/\/marvin.sachsen.schule\/~tzl\/wordpress\/?page_id=3802"},"modified":"2021-01-21T17:48:54","modified_gmt":"2021-01-21T17:48:54","slug":"musik-vertiefte-ausbildung","status":"publish","type":"page","link":"https:\/\/marvin.sachsen.schule\/~tzl\/wordpress\/musik-vertiefte-ausbildung\/","title":{"rendered":"Musik vertiefte Ausbildung (\u00a74 SOGYA)"},"content":{"rendered":"<h3>Herzlich willkommen!<\/h3>\n<h3><span style=\"color: #999999;\"><img loading=\"lazy\" class=\"aligncenter wp-image-4689\" src=\"https:\/\/marvin.sachsen.schule\/~tzl\/wordpress\/wp-content\/uploads\/2021\/01\/Colditz-1024x768.jpg\" alt=\"\" width=\"518\" height=\"389\" srcset=\"https:\/\/marvin.sachsen.schule\/~tzl\/wordpress\/wp-content\/uploads\/2021\/01\/Colditz-1024x768.jpg 1024w, https:\/\/marvin.sachsen.schule\/~tzl\/wordpress\/wp-content\/uploads\/2021\/01\/Colditz-300x225.jpg 300w, https:\/\/marvin.sachsen.schule\/~tzl\/wordpress\/wp-content\/uploads\/2021\/01\/Colditz-768x576.jpg 768w, https:\/\/marvin.sachsen.schule\/~tzl\/wordpress\/wp-content\/uploads\/2021\/01\/Colditz-1536x1152.jpg 1536w\" sizes=\"(max-width: 518px) 100vw, 518px\" \/><\/span><\/h3>\n<h3><span style=\"color: #999999;\">Musik vertiefte Ausbildung (\u00a74 SOGYA)<\/span><\/h3>\n<p>Probe des KammerChores 5-8TM in der S\u00e4chsischen Musikakademie Schloss Colditz<\/p>\n<p><b>Aufnahmeverfahren in die vertieft musischen Ausbildung (Chor) nach SOGYA \u00a74 der Thomasschule<\/b><\/p>\n<p>Voraussetzung zur Teilnahme an der vertieft musischen Ausbildung ist die erfolgreiche Teilnahme am Ausnahmeverfahren an der Thomasschule. Es umfasst drei Pr\u00fcfungen, die in einem vom S\u00e4chsischen Staatsministerium f\u00fcr Kultus vorgegebenen Zeitraum stattfinden m\u00fcssen.Um in das Aufnahmeverfahren zu kommen, muss von den Sorgeberechtigten ein Antrag im Sekretariat der Thomasschule abgegeben werden. F\u00fcr die neuen 5. Klassen wird dieser gleichzeitig zur Anmeldung an unserer Schule gestellt.<\/p>\n<p><i>Information zur Aufnahmepr\u00fcfung der neuen 5. Klassen der musischen Vertiefung (aktualisiert)<\/i><\/p>\n<p><b>Informationen zur vertieft musischen Ausbildung (Chor) nach SOGYA \u00a74 in der Sekundarstufe I:<\/b><\/p>\n<p>Die vertiefte musische Ausbildung (nach SOGYA \u00a74) an der Thomasschule widmet sich dem Schwerpunkt des Chorsingens. Die Sch\u00fclerinnen und Sch\u00fcler haben neben dem normalen Musikunterricht zus\u00e4tzliche Musikstunden, in denen Chorproben, chorische Stimmbildung und andere notwendigen musikpraktischen Inhalte vermittelt werden.<\/p>\n<p><b>Informationen zur vertieft musischen Ausbildung (Chor) nach SOGYA \u00a74 in der Sekundarstufe II:<\/b><\/p>\n<p>Leistungskurse: Es werden Musik als erster Leistungskurs und Deutsch oder Mathematik als zweiter Leistungskurs gew\u00e4hlt. Der dritte Leistungskurs kann Englisch, Geschichte, Biologie oder Physik sein. Der dritte Leistungskurs wird auf Leistungskursniveau unterrichtet und in der Abiturpr\u00fcfung auf Grundkursniveau gepr\u00fcft.<\/p>\n<p>Grundkurse: Es k\u00f6nnen alle F\u00e4cher der Sekundarstufe 1 fortgef\u00fchrt werden. Jedoch werden der Chor oder das Orchester von allen Sch\u00fclern verpflichtend belegt. Daf\u00fcr werden nur eine Fremdsprache, nur eines der F\u00e4cher Gemeinschaftskunde und Geografie sowie drei der vier F\u00e4cher Biologie, Chemie, Physik oder Kunst belegt. Zus\u00e4tzlich wird als\u00a0Ersetzungs- und Erg\u00e4nzungskurs das Fach Informatik angeboten.<\/p>\n<p><span style=\"color: #ffcc99;\"><a style=\"color: #ffcc99;\" href=\"https:\/\/marvin.sachsen.schule\/~tzl\/wordpress\/wp-content\/uploads\/2021\/01\/Anforderungen-vertiefte-Ausbildung.pdf\">Informationen zur Aufnahmepr\u00fcfung der neuen 5.Klassen in die vertiefte Ausbildung der Thomasschule<\/a><\/span><\/p>\n<p><span style=\"color: #ffcc99;\"><a style=\"color: #ffcc99;\" href=\"https:\/\/marvin.sachsen.schule\/~tzl\/wordpress\/wp-content\/uploads\/2021\/01\/Aufnahmebedingungen-Kammerchoere-der-vertieft-musischen-Ausbildung.pdf\">Aufnahmebedingungen f\u00fcr die vertiefte musische Ausbildung (Chor) an der Thomasschule<\/a><\/span><\/p>\n<p><span style=\"color: #ffcc99;\"><a style=\"color: #ffcc99;\" href=\"https:\/\/marvin.sachsen.schule\/~tzl\/wordpress\/wp-content\/uploads\/2019\/01\/AnforderungenneueLKMusik.pdf\">Information zur Aufnahmepr\u00fcfung in den Leistungskurs Musik<\/a><\/span><\/p>\n","protected":false},"excerpt":{"rendered":"<p>Herzlich willkommen! Musik vertiefte Ausbildung (\u00a74 SOGYA) Probe des KammerChores 5-8TM in der S\u00e4chsischen Musikakademie Schloss Colditz Aufnahmeverfahren in die vertieft musischen Ausbildung (Chor) nach SOGYA \u00a74 der Thomasschule Voraussetzung zur Teilnahme an der vertieft musischen Ausbildung ist die erfolgreiche Teilnahme am Ausnahmeverfahren an der Thomasschule. Es umfasst drei Pr\u00fcfungen, die in einem vom S\u00e4chsischen [&hellip;]<\/p>\n","protected":false},"author":4,"featured_media":0,"parent":0,"menu_order":0,"comment_status":"closed","ping_status":"closed","template":"","meta":[],"_links":{"self":[{"href":"https:\/\/marvin.sachsen.schule\/~tzl\/wordpress\/wp-json\/wp\/v2\/pages\/3802"}],"collection":[{"href":"https:\/\/marvin.sachsen.schule\/~tzl\/wordpress\/wp-json\/wp\/v2\/pages"}],"about":[{"href":"https:\/\/marvin.sachsen.schule\/~tzl\/wordpress\/wp-json\/wp\/v2\/types\/page"}],"author":[{"embeddable":true,"href":"https:\/\/marvin.sachsen.schule\/~tzl\/wordpress\/wp-json\/wp\/v2\/users\/4"}],"replies":[{"embeddable":true,"href":"https:\/\/marvin.sachsen.schule\/~tzl\/wordpress\/wp-json\/wp\/v2\/comments?post=3802"}],"version-history":[{"count":45,"href":"https:\/\/marvin.sachsen.schule\/~tzl\/wordpress\/wp-json\/wp\/v2\/pages\/3802\/revisions"}],"predecessor-version":[{"id":4792,"href":"https:\/\/marvin.sachsen.schule\/~tzl\/wordpress\/wp-json\/wp\/v2\/pages\/3802\/revisions\/4792"}],"wp:attachment":[{"href":"https:\/\/marvin.sachsen.schule\/~tzl\/wordpress\/wp-json\/wp\/v2\/media?parent=3802"}],"curies":[{"name":"wp","href":"https:\/\/api.w.org\/{rel}","templated":true}]}}