{"id":39,"date":"2012-06-19T07:17:06","date_gmt":"2012-06-19T07:17:06","guid":{"rendered":"http:\/\/marvin.sn.schule.de\/~tzl\/wordpress\/?page_id=39"},"modified":"2023-06-15T12:53:58","modified_gmt":"2023-06-15T12:53:58","slug":"sekundarstufe-1","status":"publish","type":"page","link":"https:\/\/marvin.sachsen.schule\/~tzl\/wordpress\/sekundarstufe-1\/","title":{"rendered":"Sekundarstufe 1"},"content":{"rendered":"<p><span style=\"color: #ffcc99;\"><a style=\"color: #ffcc99;\" href=\"https:\/\/marvin.sachsen.schule\/~tzl\/wordpress\/wp-content\/uploads\/2021\/02\/Nutzungsvereinbarung-BYOD.pdf\">Hinweise und Formblatt f\u00fcr die Nutzung privater Endger\u00e4te im Unterricht BYOD (ab Klasse 10)<\/a><\/span><\/p>\n<p><span style=\"color: #999999;\">Praktikum<\/span><\/p>\n<p><span style=\"color: #999999;\"><strong>Folgende Unterlagen und Hinweise sind daf\u00fcr notwendig:<\/strong><\/span><\/p>\n<p><span style=\"color: #ffcc99;\"><a style=\"color: #ffcc99;\" href=\"https:\/\/marvin.sachsen.schule\/~tzl\/wordpress\/wp-content\/uploads\/2022\/11\/Praktikumsanschreiben-2022-23.pdf\">Praktikumsanschreiben SJ\u00a02023<\/a><\/span><br \/>\n<span style=\"color: #ffcc99;\"><a style=\"color: #ffcc99;\" href=\"https:\/\/marvin.sachsen.schule\/~tzl\/wordpress\/wp-content\/uploads\/2022\/11\/Praktikumsbescheinigung-2022-23.pdf\">Praktikumsbescheinigung 2023<\/a><\/span><br \/>\n<span style=\"color: #ffcc99;\"><a style=\"color: #ffcc99;\" href=\"https:\/\/marvin.sachsen.schule\/~tzl\/wordpress\/wp-content\/uploads\/2022\/11\/Plan-Praktikum-2022-23.pdf\"><span style=\"color: #ffcc99;\"><span style=\"caret-color: #ffcc99;\">Plan Praktikum 2023<\/span><\/span><\/a><\/span><br \/>\n<span style=\"color: #ffcc99;\"><a style=\"color: #ffcc99;\" href=\"https:\/\/marvin.sachsen.schule\/~tzl\/wordpress\/wp-content\/uploads\/2022\/11\/Praktikumsvertrag-2022-23.pdf\">Praktikumsvertrag 2023<\/a><br \/>\n<a style=\"color: #ffcc99;\" href=\"https:\/\/marvin.sachsen.schule\/~tzl\/wordpress\/wp-content\/uploads\/2022\/11\/Praktikumshinweise-fuer-Schueler-innen-2022-23.pdf\">Praktikumshinweise f\u00fcr Sch\u00fclerinnen und Sch\u00fcler 2023<\/a><br \/>\n<a style=\"color: #ffcc99;\" href=\"https:\/\/marvin.sachsen.schule\/~tzl\/wordpress\/wp-content\/uploads\/2022\/11\/FAQ-Betriebspraktikum-2022-23.pdf\">FAQ Praktikum 2023<\/a><\/span><\/p>\n<p><span style=\"color: #999999;\">F\u00fcr das\u00a0<strong>freiwillige Nachholen bzw. au\u00dferhalb der ausgew\u00e4hlten Zeit durchzuf\u00fchrende<\/strong>\u00a0<strong>Praktikum<\/strong>\u00a0werden folgende Unterlagen ben\u00f6tigt:<\/span><\/p>\n<p><span style=\"color: #ffcc99;\"><a style=\"color: #ffcc99;\" href=\"https:\/\/marvin.sachsen.schule\/~tzl\/wordpress\/wp-content\/uploads\/2023\/03\/PraktikumsanschreibenFerien.pdf\">Praktikumsanschreiben<\/a> (freiwillige Durchf\u00fchrung)<\/span><br \/>\n<span style=\"color: #ffcc99;\"><a style=\"color: #ffcc99;\" href=\"https:\/\/marvin.sachsen.schule\/~tzl\/wordpress\/wp-content\/uploads\/2023\/03\/Praktikumsvertragferien.pdf\">Praktikumsvertrag<\/a> (freiwillige Durchf\u00fchrung )<\/span><\/p>\n<p><span style=\"color: #999999;\">Hinweise zur Anfertigung einer <strong>Komplexen Lernleistung (KOLL)<\/strong> in der 10. Klasse:<\/span><\/p>\n<p><span style=\"color: #ffcc99;\"><a style=\"color: #ffcc99;\" href=\"https:\/\/marvin.sachsen.schule\/~tzl\/wordpress\/wp-content\/uploads\/2020\/10\/DokumentenvorlageKollTS2020.docx\">Informationen zum Aufbau einer Koll<\/a>\u00a0(Vorlage)<\/span><\/p>\n<p><span style=\"color: #ffcc99;\"><a style=\"color: #ffcc99;\" href=\"https:\/\/marvin.sachsen.schule\/~tzl\/wordpress\/wp-content\/uploads\/2022\/09\/AnmeldungKollTS2023.pdf\">Anmeldung einer Koll<\/a><\/span><\/p>\n","protected":false},"excerpt":{"rendered":"<p>Hinweise und Formblatt f\u00fcr die Nutzung privater Endger\u00e4te im Unterricht BYOD (ab Klasse 10) Praktikum Folgende Unterlagen und Hinweise sind daf\u00fcr notwendig: Praktikumsanschreiben SJ\u00a02023 Praktikumsbescheinigung 2023 Plan Praktikum 2023 Praktikumsvertrag 2023 Praktikumshinweise f\u00fcr Sch\u00fclerinnen und Sch\u00fcler 2023 FAQ Praktikum 2023 F\u00fcr das\u00a0freiwillige Nachholen bzw. au\u00dferhalb der ausgew\u00e4hlten Zeit durchzuf\u00fchrende\u00a0Praktikum\u00a0werden folgende Unterlagen ben\u00f6tigt: Praktikumsanschreiben (freiwillige Durchf\u00fchrung) [&hellip;]<\/p>\n","protected":false},"author":2,"featured_media":0,"parent":0,"menu_order":0,"comment_status":"open","ping_status":"open","template":"","meta":[],"_links":{"self":[{"href":"https:\/\/marvin.sachsen.schule\/~tzl\/wordpress\/wp-json\/wp\/v2\/pages\/39"}],"collection":[{"href":"https:\/\/marvin.sachsen.schule\/~tzl\/wordpress\/wp-json\/wp\/v2\/pages"}],"about":[{"href":"https:\/\/marvin.sachsen.schule\/~tzl\/wordpress\/wp-json\/wp\/v2\/types\/page"}],"author":[{"embeddable":true,"href":"https:\/\/marvin.sachsen.schule\/~tzl\/wordpress\/wp-json\/wp\/v2\/users\/2"}],"replies":[{"embeddable":true,"href":"https:\/\/marvin.sachsen.schule\/~tzl\/wordpress\/wp-json\/wp\/v2\/comments?post=39"}],"version-history":[{"count":115,"href":"https:\/\/marvin.sachsen.schule\/~tzl\/wordpress\/wp-json\/wp\/v2\/pages\/39\/revisions"}],"predecessor-version":[{"id":5589,"href":"https:\/\/marvin.sachsen.schule\/~tzl\/wordpress\/wp-json\/wp\/v2\/pages\/39\/revisions\/5589"}],"wp:attachment":[{"href":"https:\/\/marvin.sachsen.schule\/~tzl\/wordpress\/wp-json\/wp\/v2\/media?parent=39"}],"curies":[{"name":"wp","href":"https:\/\/api.w.org\/{rel}","templated":true}]}}