{"id":42,"date":"2012-06-19T07:17:21","date_gmt":"2012-06-19T07:17:21","guid":{"rendered":"http:\/\/marvin.sn.schule.de\/~tzl\/wordpress\/?page_id=42"},"modified":"2024-01-16T16:35:37","modified_gmt":"2024-01-16T16:35:37","slug":"eltern","status":"publish","type":"page","link":"https:\/\/marvin.sachsen.schule\/~tzl\/wordpress\/eltern\/","title":{"rendered":"Eltern"},"content":{"rendered":"<h2 style=\"text-align: center;\"><span style=\"color: #ffcc99;\">Hinweise zur Aufnahme neuer Sch\u00fclerinnen und Sch\u00fcler 2023<br \/>\n<a style=\"color: #ffcc99;\" href=\"https:\/\/marvin.sachsen.schule\/~tzl\/wordpress\/wp-content\/uploads\/2023\/02\/ElternbriefZurSchulaufnahme2023.pdf\">(siehe Schulleiterbrief)<\/a><\/span><\/h2>\n<p><span style=\"color: #ffcc99;\">Die Anmeldung mit allen unten genannten Unterlagen erfolgt innerhalb der <\/span><strong><span style=\"color: #ffcc99;\">\u00d6ffnungszeiten des Sekretariates<\/span><\/strong><span style=\"color: #ffcc99;\"> kontaktlos \u00fcber den <strong>Briefkasten<\/strong> in der\u00a0<span style=\"caret-color: #ffcc99;\">Hillerstra\u00dfe 7 oder direkt im Sekretariat<\/span>.<\/span><br \/>\n<span style=\"color: #ffcc99;\">Die Eltern, die ihre Kinder f\u00fcr die<strong> vertiefte Ausbildung &#8222;Chor&#8220;<\/strong> (nach \u00a74 SOGYA) oder mit der <strong>Bildungsempfehlung f\u00fcr die Oberschule<\/strong>\u00a0anmelden wollen, erfragen bitte vorher telefonisch (1246830) einen Pr\u00e4senztermin im Sekretariat.<\/span><\/p>\n<p><span style=\"color: #ffcc99;\"><strong>Unterlagen f\u00fcr die Aufnahme:<\/strong><\/span><\/p>\n<ul>\n<li><span style=\"color: #ffcc99;\">Original der Bildungsempfehlung (Ausgabe durch die Grundschule)<\/span><\/li>\n<li><span style=\"color: #ffcc99;\">Original Anmeldeformular (gelb) (Ausgabe durch die Grundschule<\/span><\/li>\n<li><span style=\"color: #ffcc99;\">Kopie Geburtsurkunde<\/span><\/li>\n<\/ul>\n<ul>\n<li><span style=\"color: #ffcc99;\">Kopie letzte Halbjahresinformation<\/span><\/li>\n<li><span style=\"color: #ffcc99;\">Kopie Jahreszeugnis Klasse 3<\/span><\/li>\n<li><span style=\"color: #ffcc99;\">Nachweis Impfstatus Masern<\/span><\/li>\n<li><span style=\"color: #ffcc99;\">Kopie aktuelle Sorgeerkl\u00e4rung oder Negativattest<\/span><\/li>\n<\/ul>\n<p><span style=\"color: #ffcc99;\">Soll Ihr Kind die Vertiefte Ausbildung (\u00a74 SOGYA) \u201eChor\u201c besuchen,\u00a0ist ein Antrag notwendig. Au\u00dferdem sehen Sie hier die Pr\u00fcfungsbedingungen f\u00fcr die vertiefte Ausbildung.<\/span><\/p>\n<p><strong><span style=\"color: #ffcc99;\"><a style=\"color: #ffcc99;\" href=\"https:\/\/marvin.sachsen.schule\/~tzl\/wordpress\/wp-content\/uploads\/2023\/02\/Anmeldung\u00a74Klasse4.pdf\">Anmeldung zur Pr\u00fcfung (Link)<\/a><\/span><br \/>\n<span style=\"color: #ffcc99;\"><a style=\"color: #ffcc99;\" href=\"https:\/\/marvin.sachsen.schule\/~tzl\/wordpress\/wp-content\/uploads\/2023\/02\/Anforderungen-vertiefte-Ausbildung.pdf\">Anforderungen der\u00a0<\/a><\/span><\/strong><a style=\"color: #ffcc99;\" href=\"https:\/\/marvin.sachsen.schule\/~tzl\/wordpress\/wp-content\/uploads\/2023\/02\/Anforderungen-vertiefte-Ausbildung.pdf\"><span style=\"color: #ffcc99;\"><span style=\"caret-color: #ffcc99;\"><b>Pr\u00fcfung (Link)<\/b><\/span><\/span><\/a><\/p>\n<p><span style=\"color: #ffcc99;\"><strong>Anmeldezeiten des Sekretariates f\u00fcr die Anmeldung Schuljahr 2023\/2024:<\/strong><\/span><\/p>\n<p><span style=\"color: #ffcc99;\">Montag, 26.02.2024 \u00a0 \u00a0 \u00a0 \u00a0 \u00a0 \u00a0 \u00a0 \u00a0 08.30 \u2013 14.30 Uhr<\/span><\/p>\n<p><span style=\"color: #ffcc99;\">Dienstag, 27.02.2024 \u00a0 \u00a0 \u00a0 \u00a0 \u00a0 \u00a0 \u00a0 \u00a008.30 \u2013 14.30 Uhr<\/span><\/p>\n<p><span style=\"color: #ffcc99;\">Mittwoch, 28.02.2024 \u00a0 \u00a0 \u00a0 \u00a0 \u00a0 \u00a0 \u00a0 08.30 \u2013 17.00 Uhr<\/span><\/p>\n<p><span style=\"color: #ffcc99;\">Donnerstag, 29.02.2024 \u00a0 \u00a0 \u00a0 \u00a0 \u00a0 \u00a008.30 \u2013 14.30 Uhr<\/span><\/p>\n<p><span style=\"color: #ffcc99;\">Freitag, 01.03.2024 \u00a0 \u00a0 \u00a0 \u00a0 \u00a0 \u00a0 \u00a0 \u00a0 \u00a0 \u00a0 08.30 \u2013 12:00 Uhr<\/span><\/p>\n<p>&nbsp;<\/p>\n<p><span style=\"color: #ffcc99;\"><a style=\"color: #ffcc99;\" href=\"https:\/\/marvin.sachsen.schule\/~tzl\/wordpress\/wp-content\/uploads\/2020\/04\/ersteschritteernsax20200402.pdf\">Hinweise zur Benutzung von LernSax.<\/a><\/span><\/p>\n<h1><span style=\"color: #ffcc99;\">Elternrat<\/span><\/h1>\n<p><span style=\"color: #ffcc99;\">Die n\u00e4chste Sitzung des <strong>Elternrates<\/strong> findet am 25. Januar 2024 18 Uhr im Raum 16 der Thomasschule statt.<br \/>\nDie Elternvertreter*innen der Klassen und Kurse sind herzlich eingeladen.<\/span><\/p>\n<p><span style=\"color: #999999; text-align: justify;\">Der Elternrat unserer Schule besteht aus allen Klassenelternsprechern (\u00a7 47 S\u00e4chsSchulG). Ihm obliegt die Vertretung der Interessen der Eltern gegen\u00fcber der Schule, dem Schultr\u00e4ger (Stadt Leipzig) und den Schulaufsichtsbeh\u00f6rden. Der Elternrat w\u00e4hlt aus seiner Mitte den Vorsitzenden und Stellvertreter sowie die Mitglieder der Schulkonferenz.<\/span><br \/>\n<a href=\"https:\/\/marvin.sachsen.schule\/~tzl\/wordpress\/wp-content\/uploads\/2012\/06\/19-_ElternThomas2017Montage.jpg\"><br \/>\n<img loading=\"lazy\" class=\"aligncenter size-full wp-image-3099\" src=\"https:\/\/marvin.sachsen.schule\/~tzl\/wordpress\/wp-content\/uploads\/2012\/06\/19-_ElternThomas2017Montage.jpg\" alt=\"\" width=\"600\" height=\"442\" srcset=\"https:\/\/marvin.sachsen.schule\/~tzl\/wordpress\/wp-content\/uploads\/2012\/06\/19-_ElternThomas2017Montage.jpg 3500w, https:\/\/marvin.sachsen.schule\/~tzl\/wordpress\/wp-content\/uploads\/2012\/06\/19-_ElternThomas2017Montage-300x221.jpg 300w, https:\/\/marvin.sachsen.schule\/~tzl\/wordpress\/wp-content\/uploads\/2012\/06\/19-_ElternThomas2017Montage-768x566.jpg 768w, https:\/\/marvin.sachsen.schule\/~tzl\/wordpress\/wp-content\/uploads\/2012\/06\/19-_ElternThomas2017Montage-1024x754.jpg 1024w\" sizes=\"(max-width: 600px) 100vw, 600px\" \/><\/a><br \/>\n(Bild: Olaf Martens)<\/p>\n<p>&nbsp;<\/p>\n","protected":false},"excerpt":{"rendered":"<p>Hinweise zur Aufnahme neuer Sch\u00fclerinnen und Sch\u00fcler 2023 (siehe Schulleiterbrief) Die Anmeldung mit allen unten genannten Unterlagen erfolgt innerhalb der \u00d6ffnungszeiten des Sekretariates kontaktlos \u00fcber den Briefkasten in der\u00a0Hillerstra\u00dfe 7 oder direkt im Sekretariat. Die Eltern, die ihre Kinder f\u00fcr die vertiefte Ausbildung &#8222;Chor&#8220; (nach \u00a74 SOGYA) oder mit der Bildungsempfehlung f\u00fcr die Oberschule\u00a0anmelden wollen, [&hellip;]<\/p>\n","protected":false},"author":2,"featured_media":0,"parent":0,"menu_order":0,"comment_status":"open","ping_status":"open","template":"","meta":[],"_links":{"self":[{"href":"https:\/\/marvin.sachsen.schule\/~tzl\/wordpress\/wp-json\/wp\/v2\/pages\/42"}],"collection":[{"href":"https:\/\/marvin.sachsen.schule\/~tzl\/wordpress\/wp-json\/wp\/v2\/pages"}],"about":[{"href":"https:\/\/marvin.sachsen.schule\/~tzl\/wordpress\/wp-json\/wp\/v2\/types\/page"}],"author":[{"embeddable":true,"href":"https:\/\/marvin.sachsen.schule\/~tzl\/wordpress\/wp-json\/wp\/v2\/users\/2"}],"replies":[{"embeddable":true,"href":"https:\/\/marvin.sachsen.schule\/~tzl\/wordpress\/wp-json\/wp\/v2\/comments?post=42"}],"version-history":[{"count":83,"href":"https:\/\/marvin.sachsen.schule\/~tzl\/wordpress\/wp-json\/wp\/v2\/pages\/42\/revisions"}],"predecessor-version":[{"id":5698,"href":"https:\/\/marvin.sachsen.schule\/~tzl\/wordpress\/wp-json\/wp\/v2\/pages\/42\/revisions\/5698"}],"wp:attachment":[{"href":"https:\/\/marvin.sachsen.schule\/~tzl\/wordpress\/wp-json\/wp\/v2\/media?parent=42"}],"curies":[{"name":"wp","href":"https:\/\/api.w.org\/{rel}","templated":true}]}}