{"id":4764,"date":"2021-01-21T13:30:52","date_gmt":"2021-01-21T13:30:52","guid":{"rendered":"https:\/\/marvin.sachsen.schule\/~tzl\/wordpress\/?page_id=4764"},"modified":"2021-01-21T13:33:43","modified_gmt":"2021-01-21T13:33:43","slug":"religion","status":"publish","type":"page","link":"https:\/\/marvin.sachsen.schule\/~tzl\/wordpress\/religion\/","title":{"rendered":"Religion"},"content":{"rendered":"<p><strong>Herzlich willkommen!<\/strong><\/p>\n<p>An der Thomasschule zu Leipzig gibt es Katholischen und Evangelischen Religionsunterricht in klassen\u00fcbergreifenden Lerngruppen.<span class=\"Apple-converted-space\">\u00a0<\/span><\/p>\n<p>Wir unterrichten bewegt, kompetenzorientiert, konfessionssensibel, \u00f6kumenisch und weltanschaulich offen.<\/p>\n<p>Im Religionsunterricht behandeln wir die zentralen Fragen des Lebens auf der Grundlage des christlichen Glaubens. Dies geschieht in der Pr\u00e4gung der jeweiligen Konfession, die den jeweiligen Unterricht verantwortet, aber jeweils in Offenheit f\u00fcr andere Sicht- und Glaubensweisen und unter Ber\u00fccksichtigung der Tatsache, dass nur ca. 14% der Leipziger Bev\u00f6lkerung evangelisch und ca. 4% katholisch sind.<\/p>\n<p>Der Religionsunterricht ist offen f\u00fcr alle Sch\u00fclerinnen und Sch\u00fcler. Er ist nicht an Religionszugeh\u00f6rigkeit, Kirchenmitgliedschaft oder einen pers\u00f6nlichen Glauben gebunden.<\/p>\n<p>Das Fach Religion ist in Sachsen ordentliches Lehrfach, d.h. es ist mit zwei Stunden\/ Woche im Grund- und Schulgesetz verankert. In der Thomasschule werden derzeit die Klassenstufen 5 und 6 einst\u00fcndig und ab Klasse 7 zweist\u00fcndig unterrichtet. In der Sek II werden in Klasse 11 und 12 Grundkurse angeboten. Das Fach Religion kann als Pr\u00fcfungsfach im Abitur gew\u00e4hlt werden.<\/p>\n<p>Die Fachschaft Religion<\/p>\n<p>Jens Sommer, Jutta Michael, Christiane Donath und Susanne Stief<span class=\"Apple-converted-space\">\u00a0<\/span><\/p>\n<p><img loading=\"lazy\" class=\"aligncenter wp-image-4768\" src=\"https:\/\/marvin.sachsen.schule\/~tzl\/wordpress\/wp-content\/uploads\/2021\/01\/SchemaReli.jpg\" alt=\"\" width=\"598\" height=\"585\" srcset=\"https:\/\/marvin.sachsen.schule\/~tzl\/wordpress\/wp-content\/uploads\/2021\/01\/SchemaReli.jpg 733w, https:\/\/marvin.sachsen.schule\/~tzl\/wordpress\/wp-content\/uploads\/2021\/01\/SchemaReli-300x293.jpg 300w\" sizes=\"(max-width: 598px) 100vw, 598px\" \/><\/p>\n<p style=\"text-align: center;\"><b>Religionsunterricht ist aktuell.<span class=\"Apple-converted-space\">\u00a0<\/span><\/b><\/p>\n<p style=\"text-align: center;\"><b>Der Religionsunterricht hilft, einen eigenen Standpunkt zu entwickeln.<\/b><\/p>\n<p style=\"text-align: center;\"><b>Religionsunterricht macht dialogf\u00e4hig.<\/b><\/p>\n<p style=\"text-align: center;\"><b>Religionsunterricht ist gelebter Pluralismus.<\/b><\/p>\n<p style=\"text-align: center;\"><b>Religionsunterricht ist gelebte Religionsfreiheit.<\/b><\/p>\n<p style=\"text-align: center;\"><b>Der Religionsunterricht ist transparent.<\/b><\/p>\n<p style=\"text-align: center;\"><b>Der Religionsunterricht f\u00f6rdert Verantwortung f\u00fcr das Leben.<\/b><\/p>\n<p style=\"text-align: center;\"><b>Der Religionsunterricht hilft Jugendlichen, sich selbst zu finden.<\/b><\/p>\n<p style=\"text-align: center;\"><b>Der Religionsunterricht hilft, mit Br\u00fcchen und Scheitern umzugehen.<\/b><\/p>\n<p style=\"text-align: center;\"><b>Der Religionsunterricht h\u00e4lt die Erinnerung daran wach, dass Leben und Lernen mehr sind, als das was vordergr\u00fcndig n\u00fctzlich und erfolgreich erscheint.<\/b><\/p>\n<p style=\"text-align: center;\"><b>Im Religionsunterricht ist Raum f\u00fcr Zweckfreies, f\u00fcr Feier und Gemeinschaft, f\u00fcr Spa\u00df und Spiel.<\/b><\/p>\n","protected":false},"excerpt":{"rendered":"<p>Herzlich willkommen! An der Thomasschule zu Leipzig gibt es Katholischen und Evangelischen Religionsunterricht in klassen\u00fcbergreifenden Lerngruppen.\u00a0 Wir unterrichten bewegt, kompetenzorientiert, konfessionssensibel, \u00f6kumenisch und weltanschaulich offen. Im Religionsunterricht behandeln wir die zentralen Fragen des Lebens auf der Grundlage des christlichen Glaubens. Dies geschieht in der Pr\u00e4gung der jeweiligen Konfession, die den jeweiligen Unterricht verantwortet, aber jeweils [&hellip;]<\/p>\n","protected":false},"author":4,"featured_media":0,"parent":0,"menu_order":0,"comment_status":"closed","ping_status":"closed","template":"","meta":[],"_links":{"self":[{"href":"https:\/\/marvin.sachsen.schule\/~tzl\/wordpress\/wp-json\/wp\/v2\/pages\/4764"}],"collection":[{"href":"https:\/\/marvin.sachsen.schule\/~tzl\/wordpress\/wp-json\/wp\/v2\/pages"}],"about":[{"href":"https:\/\/marvin.sachsen.schule\/~tzl\/wordpress\/wp-json\/wp\/v2\/types\/page"}],"author":[{"embeddable":true,"href":"https:\/\/marvin.sachsen.schule\/~tzl\/wordpress\/wp-json\/wp\/v2\/users\/4"}],"replies":[{"embeddable":true,"href":"https:\/\/marvin.sachsen.schule\/~tzl\/wordpress\/wp-json\/wp\/v2\/comments?post=4764"}],"version-history":[{"count":5,"href":"https:\/\/marvin.sachsen.schule\/~tzl\/wordpress\/wp-json\/wp\/v2\/pages\/4764\/revisions"}],"predecessor-version":[{"id":4770,"href":"https:\/\/marvin.sachsen.schule\/~tzl\/wordpress\/wp-json\/wp\/v2\/pages\/4764\/revisions\/4770"}],"wp:attachment":[{"href":"https:\/\/marvin.sachsen.schule\/~tzl\/wordpress\/wp-json\/wp\/v2\/media?parent=4764"}],"curies":[{"name":"wp","href":"https:\/\/api.w.org\/{rel}","templated":true}]}}