{"id":4831,"date":"2021-02-17T14:24:58","date_gmt":"2021-02-17T14:24:58","guid":{"rendered":"https:\/\/marvin.sachsen.schule\/~tzl\/wordpress\/?page_id=4831"},"modified":"2021-07-15T09:58:43","modified_gmt":"2021-07-15T09:58:43","slug":"schulpartnerschaft","status":"publish","type":"page","link":"https:\/\/marvin.sachsen.schule\/~tzl\/wordpress\/schulpartnerschaft\/","title":{"rendered":"Schulpatenschaften"},"content":{"rendered":"<div class=\"page\" title=\"Page 1\">\n<div class=\"section\">\n<div class=\"layoutArea\">\n<div class=\"column\">\n<p style=\"text-align: center;\">Liebe Eltern und liebe Sch\u00fcler*innen,<br \/>\nein neues Projekt des amtierenden Sch\u00fclerrates erm\u00f6glicht die gemeinsame Meisterung des Schulalltages von Sch\u00fcler*innen kleinerer Klassenstufen<br \/>\nmit erfahrenen Sch\u00fcler*innen der gr\u00f6\u00dferen Klassen.<br \/>\nDie Schulleitung unterst\u00fctzt dieses Engagement und bedankt sich beim Sch\u00fclerrat f\u00fcr ihre Initiative und die Durchf\u00fchrung.<\/p>\n<p><span style=\"color: #ffcc99;\">Patenschaften Thomasschule zu Leipzig<\/span><br \/>\n<span style=\"color: #ffcc99;\"><strong>LEITFADEN F\u00dcR PATEN UND IHRE PATENKINDER<\/strong><\/span><\/p>\n<p><span style=\"color: #ffcc99;\">Der Pate\/ die Patin soll ihrem\/seinem Patenkind dabei helfen, sich im Umfeld der neuen Schule zurecht zu finden. Er\/Sie dient als Ansprechpartner*in und kann, bei beidseitigem Interesse, gegebenenfalls Unterst\u00fctzung beim Lernen geben. Des Weiteren kann er\/sie bei Konflikten mit Lehrer*innen, sowie Mitsch\u00fcler*innen vermitteln.<\/span><\/p>\n<p><span style=\"color: #ffcc99;\">Ziel ist es, den Zusammenhalt zwischen Sch\u00fclerinnen und Sch\u00fclern der Thomasschule zu st\u00e4rken und B\u00fcndnisse zwischen j\u00fcngeren und \u00e4lteren Lernenden aufzubauen, um so ein verbessertes Lernklima an der Schule herzustellen. Jeder Sch\u00fcler und jede Sch\u00fclerin kann ab der 5. Klasse einen Paten\/eine Patin bekommen. Patin\/Pate werden k\u00f6nnen alle ab der 8. Klasse. Geschwister werden einander nicht zugeordnet. Bei hinreichender Begr\u00fcndung k\u00f6nnen die Patenschaftskonstellationen im Nachhinein getauscht werden.<\/span><\/p>\n<p><span style=\"color: #ffcc99;\">F\u00fcr die Organisation verantwortlich ist ein eigens daf\u00fcr eingerichtetes Gremium von Sch\u00fclern. Ansprechpartnerin ist hier Anna Brauer. Das Organisationsteam organisiert zum Schuljahresanfang ein Kennlerntreffen und bei Bedarf weitere Veranstaltungen im laufendem Schuljahr. Zwischen Pate\/Patin und Patenkind besteht ein respektvolles Miteinander. Der Pate\/die Patin ersetzt in keinem Fall eine*n Nachhilfelehrer*in\/ oder eine*n Vertrauenslehrer*in. Vordergr\u00fcndig ist er\/sie bei Fragen f\u00fcr ihr\/sein Patenkind da und vermittelt in schwierigen Situationen.<\/span><\/p>\n<p><span style=\"color: #ffcc99;\">Hier k\u00f6nnen sich interessierte Paten (ab Klasse 8) und interessierte Patenkinder (ab Klasse 5) eintragen. Der Sch\u00fclerrat sammelt die W\u00fcnsche und setzt die Patenschaften zusammen:<\/span><\/p>\n<p><span style=\"color: #ffcc99;\">Link Formular Paten (ab 8.Klasse):<\/span><br \/>\n<span style=\"color: #ffcc99;\"><a style=\"color: #ffcc99;\" href=\"https:\/\/docs.google.com\/forms\/d\/e\/1FAIpQLSfHjm-i6Tio7HGlGonajIDogofo-8e1CeirDoxJj5eCXwPRPA\/viewform?vc=0&amp;amp;c=0&amp;amp;w=1&amp;amp;flr=0&amp;amp;usp=mail_form_link\">https:\/\/docs.google.com\/forms\/d\/e\/1FAIpQLSfHjm-i6Tio7HGlGonajIDogofo-8e1CeirDoxJj5eCXwPRPA\/viewform?vc=0&amp;amp;c=0&amp;amp;w=1&amp;amp;flr=0&amp;amp;usp=mail_form_link<\/a><\/span><\/p>\n<p><span style=\"color: #ffcc99;\">Link Formular Sch\u00fcler (ab 5. Klasse):<\/span><br \/>\n<span style=\"color: #ffcc99;\"><a style=\"color: #ffcc99;\" href=\"https:\/\/docs.google.com\/forms\/d\/e\/1FAIpQLSclf9Vdg-3A7kBFR3Hw54w54g13fqvhzWbBvmW4HwQURbd5uQ\/viewform?vc=0&amp;amp;c=0&amp;amp;w=1&amp;amp;flr=0&amp;amp;usp=mail_form_link\">https:\/\/docs.google.com\/forms\/d\/e\/1FAIpQLSclf9Vdg-3A7kBFR3Hw54w54g13fqvhzWbBvmW4HwQURbd5uQ\/viewform?vc=0&amp;amp;c=0&amp;amp;w=1&amp;amp;flr=0&amp;amp;usp=mail_form_link<\/a><\/span><\/p>\n<\/div>\n<\/div>\n<\/div>\n<\/div>\n","protected":false},"excerpt":{"rendered":"<p>Liebe Eltern und liebe Sch\u00fcler*innen, ein neues Projekt des amtierenden Sch\u00fclerrates erm\u00f6glicht die gemeinsame Meisterung des Schulalltages von Sch\u00fcler*innen kleinerer Klassenstufen mit erfahrenen Sch\u00fcler*innen der gr\u00f6\u00dferen Klassen. Die Schulleitung unterst\u00fctzt dieses Engagement und bedankt sich beim Sch\u00fclerrat f\u00fcr ihre Initiative und die Durchf\u00fchrung. Patenschaften Thomasschule zu Leipzig LEITFADEN F\u00dcR PATEN UND IHRE PATENKINDER Der Pate\/ [&hellip;]<\/p>\n","protected":false},"author":4,"featured_media":0,"parent":0,"menu_order":0,"comment_status":"closed","ping_status":"closed","template":"","meta":[],"_links":{"self":[{"href":"https:\/\/marvin.sachsen.schule\/~tzl\/wordpress\/wp-json\/wp\/v2\/pages\/4831"}],"collection":[{"href":"https:\/\/marvin.sachsen.schule\/~tzl\/wordpress\/wp-json\/wp\/v2\/pages"}],"about":[{"href":"https:\/\/marvin.sachsen.schule\/~tzl\/wordpress\/wp-json\/wp\/v2\/types\/page"}],"author":[{"embeddable":true,"href":"https:\/\/marvin.sachsen.schule\/~tzl\/wordpress\/wp-json\/wp\/v2\/users\/4"}],"replies":[{"embeddable":true,"href":"https:\/\/marvin.sachsen.schule\/~tzl\/wordpress\/wp-json\/wp\/v2\/comments?post=4831"}],"version-history":[{"count":8,"href":"https:\/\/marvin.sachsen.schule\/~tzl\/wordpress\/wp-json\/wp\/v2\/pages\/4831\/revisions"}],"predecessor-version":[{"id":5005,"href":"https:\/\/marvin.sachsen.schule\/~tzl\/wordpress\/wp-json\/wp\/v2\/pages\/4831\/revisions\/5005"}],"wp:attachment":[{"href":"https:\/\/marvin.sachsen.schule\/~tzl\/wordpress\/wp-json\/wp\/v2\/media?parent=4831"}],"curies":[{"name":"wp","href":"https:\/\/api.w.org\/{rel}","templated":true}]}}