{"id":52,"date":"2012-06-19T07:17:54","date_gmt":"2012-06-19T07:17:54","guid":{"rendered":"http:\/\/marvin.sn.schule.de\/~tzl\/wordpress\/?page_id=52"},"modified":"2021-09-09T12:33:01","modified_gmt":"2021-09-09T12:33:01","slug":"schulprogramm","status":"publish","type":"page","link":"https:\/\/marvin.sachsen.schule\/~tzl\/wordpress\/schulprogramm\/","title":{"rendered":"Schola Thomana"},"content":{"rendered":"<p>Thomasschule, Thomanerchor und Thomaskirche sch\u00f6pfen aus ihrer gemeinsamen ununterbrochenen fast 800j\u00e4hrigen Tradition. Das Miteinander von Thomasschule und Thomanerchor ist die st\u00e4ndige Quelle der Ver\u00e4nderung in der fachlichen, p\u00e4dagogischen und zwischenmenschlichen Arbeit. Das Wissen um die Wurzeln europ\u00e4ischer Kultur setzt sich in der Pflege der alten Sprachen fort. Verbunden mit den modernen Fremdsprachen geben sie den Blick f\u00fcr den weltoffenen B\u00fcrger frei. Musischk\u00fcnstlerische und naturwissenschaftliche Ausbildung f\u00fcgen sich in diesen Horizont ein. Wir vermitteln nicht nur Wissen, sondern Bildung, nicht nur Ansichten, sondern auch Haltung.<\/p>\n<p>Unterricht mit Lust und Liebe zu gestalten und zu erleben schafft beste Voraussetzungen f\u00fcr bewusstes lebenslanges Lernen. \u00dcber den Unterricht hinaus ist die Schule ein Ort lebendiger Kultur. Eltern und Freunde und F\u00f6rderer der Thomasschule tragen dazu bei.<\/p>\n<p><span style=\"color: #ffcc99;\"><b>1.Stunde 8:00-8:45 Uhr\u00a0<\/b>danach Pause<\/span><br \/>\n<span style=\"color: #ffcc99;\"><b>2.Stunde 8:55-9:40 Uhr<\/b><\/span><br \/>\n<span style=\"color: #ffcc99;\"><b>3.Stunde 9:40-10:25 Uhr\u00a0<\/b>danach Pause (20 Min.)<\/span><br \/>\n<span style=\"color: #ffcc99;\"><b>4.Stunde 10:45-11:30 Uhr\u00a0<\/b>danach Pause (10 Min. evtl. aber auch Blockunterricht 4.\/5. St ohne Pause)<\/span><br \/>\n<span style=\"color: #ffcc99;\"><b>5.Stunde 11:40-12:25 Uhr\u00a0<\/b>danach Mittagspause (45 Min.)<\/span><br \/>\n<span style=\"color: #ffcc99;\"><b>6.Stunde 13:05-13:50 Uhr<\/b><\/span><br \/>\n<span style=\"color: #ffcc99;\"><b>7.Stunde 13:50-14:35 Uhr\u00a0<\/b>danach Pause (5 Min.)<\/span><br \/>\n<span style=\"color: #ffcc99;\"><b>8.Stunde 14:40-15:25 Uhr<\/b><\/span><\/p>\n<h3>WICHTIGE FORMULARE<\/h3>\n<p>Hier finden Sie die aktuelle Hausordnung und die Benutzerordnung der Thomasschule. Zum \u00d6ffnen bzw. zum Download auf den jeweiligen &#8222;link&#8220; dr\u00fccken.<\/p>\n<p><a href=\"https:\/\/marvin.sachsen.schule\/~tzl\/wordpress\/wp-content\/uploads\/2021\/06\/HausordnungJuni2021.pdf\"><span style=\"text-decoration: underline; color: #c0c0c0;\"><span style=\"color: #888888; text-decoration: underline;\"><span style=\"color: #c0c0c0; text-decoration: underline;\">Hausordnung der Thomasschule<\/span><\/span> <\/span><\/a><\/p>\n<p><span style=\"text-decoration: underline;\"><a href=\"https:\/\/marvin.sachsen.schule\/~tzl\/wordpress\/wp-content\/uploads\/2012\/06\/benutzerordnung.pdf\"><span style=\"color: #c0c0c0; text-decoration: underline;\">Benutzerordnung des Computerkabinetts<\/span><br \/>\n<\/a><\/span><\/p>\n<p><span style=\"text-decoration: underline;\"><span style=\"color: #c0c0c0; text-decoration: underline;\"><a href=\"https:\/\/marvin.sachsen.schule\/~tzl\/wordpress\/wp-content\/uploads\/2012\/06\/jugendschutz_stadt_leipzig.pdf\"><span style=\"color: #c0c0c0; text-decoration: underline;\">Jugendschutz der Stadt_Leipzig<\/span><\/a><\/span><\/span><\/p>\n<p><a href=\"https:\/\/marvin.sachsen.schule\/~tzl\/wordpress\/wp-content\/uploads\/2012\/06\/TS4.jpeg\"><img loading=\"lazy\" class=\"alignleft wp-image-114\" title=\"TS4\" src=\"https:\/\/marvin.sachsen.schule\/~tzl\/wordpress\/wp-content\/uploads\/2012\/06\/TS4.jpeg\" alt=\"\" width=\"884\" height=\"302\" \/><\/a><\/p>\n","protected":false},"excerpt":{"rendered":"<p>Thomasschule, Thomanerchor und Thomaskirche sch\u00f6pfen aus ihrer gemeinsamen ununterbrochenen fast 800j\u00e4hrigen Tradition. Das Miteinander von Thomasschule und Thomanerchor ist die st\u00e4ndige Quelle der Ver\u00e4nderung in der fachlichen, p\u00e4dagogischen und zwischenmenschlichen Arbeit. Das Wissen um die Wurzeln europ\u00e4ischer Kultur setzt sich in der Pflege der alten Sprachen fort. Verbunden mit den modernen Fremdsprachen geben sie den [&hellip;]<\/p>\n","protected":false},"author":2,"featured_media":0,"parent":0,"menu_order":0,"comment_status":"open","ping_status":"open","template":"","meta":[],"_links":{"self":[{"href":"https:\/\/marvin.sachsen.schule\/~tzl\/wordpress\/wp-json\/wp\/v2\/pages\/52"}],"collection":[{"href":"https:\/\/marvin.sachsen.schule\/~tzl\/wordpress\/wp-json\/wp\/v2\/pages"}],"about":[{"href":"https:\/\/marvin.sachsen.schule\/~tzl\/wordpress\/wp-json\/wp\/v2\/types\/page"}],"author":[{"embeddable":true,"href":"https:\/\/marvin.sachsen.schule\/~tzl\/wordpress\/wp-json\/wp\/v2\/users\/2"}],"replies":[{"embeddable":true,"href":"https:\/\/marvin.sachsen.schule\/~tzl\/wordpress\/wp-json\/wp\/v2\/comments?post=52"}],"version-history":[{"count":35,"href":"https:\/\/marvin.sachsen.schule\/~tzl\/wordpress\/wp-json\/wp\/v2\/pages\/52\/revisions"}],"predecessor-version":[{"id":5075,"href":"https:\/\/marvin.sachsen.schule\/~tzl\/wordpress\/wp-json\/wp\/v2\/pages\/52\/revisions\/5075"}],"wp:attachment":[{"href":"https:\/\/marvin.sachsen.schule\/~tzl\/wordpress\/wp-json\/wp\/v2\/media?parent=52"}],"curies":[{"name":"wp","href":"https:\/\/api.w.org\/{rel}","templated":true}]}}