{"id":54,"date":"2012-06-19T07:18:11","date_gmt":"2012-06-19T07:18:11","guid":{"rendered":"http:\/\/marvin.sn.schule.de\/~tzl\/wordpress\/?page_id=54"},"modified":"2020-03-03T16:08:04","modified_gmt":"2020-03-03T16:08:04","slug":"thomasschulchor","status":"publish","type":"page","link":"https:\/\/marvin.sachsen.schule\/~tzl\/wordpress\/thomasschulchor\/","title":{"rendered":"Ch\u00f6re der Thomasschule"},"content":{"rendered":"<h1 style=\"text-align: center;\"><span style=\"color: #999999;\"><strong>Ch\u00f6re der Thomasschule<\/strong><\/span><\/h1>\n<p><span style=\"color: #999999;\">Die <a style=\"color: #999999;\" href=\"https:\/\/marvin.sachsen.schule\/~tzl\/wordpress\/wp-content\/uploads\/2019\/08\/Termine-2019.pdf\">Konzerttermine<\/a> 2019 stehen fest.<\/span><\/p>\n<p>Eindr\u00fccke des Konzertes vom 27.9.2019 19 Uhr in der Lutherkirche zu Ehren des Thomanerbundes:<\/p>\n<p>KammerChor 5-8TM:<\/p>\n<p><img loading=\"lazy\" class=\"aligncenter size-full wp-image-4151\" src=\"https:\/\/marvin.sachsen.schule\/~tzl\/wordpress\/wp-content\/uploads\/2020\/03\/KC5-8Colditz2020-e1583251618488.png\" alt=\"\" width=\"980\" height=\"338\" \/><\/p>\n<p>KammerChor9-12TM:<\/p>\n<p><img loading=\"lazy\" class=\"aligncenter wp-image-4029\" src=\"https:\/\/marvin.sachsen.schule\/~tzl\/wordpress\/wp-content\/uploads\/2019\/10\/BannerKonzert27.9.2019KC9-12-1024x350.jpeg\" alt=\"\" width=\"700\" height=\"239\" \/><\/p>\n<p>ThomasSchulChor:<\/p>\n<p><img loading=\"lazy\" class=\"aligncenter wp-image-4030\" src=\"https:\/\/marvin.sachsen.schule\/~tzl\/wordpress\/wp-content\/uploads\/2019\/10\/BannerKonzert27.9.2019TSC-1024x350.jpeg\" alt=\"\" width=\"700\" height=\"239\" \/><\/p>\n<p>ThomasSchulChor, ThomasSchulOrchester, KammerCh\u00f6re, ehemalige Mitglieder derCh\u00f6re und des Orchesters:<\/p>\n<p><img loading=\"lazy\" class=\"aligncenter wp-image-4031\" src=\"https:\/\/marvin.sachsen.schule\/~tzl\/wordpress\/wp-content\/uploads\/2019\/10\/BannerKonzert27.9.2019TSCTSO.jpeg\" alt=\"\" width=\"700\" height=\"239\" \/><\/p>\n<h3><span style=\"color: #999999;\">Ch\u00f6re der Thomasschule<\/span><\/h3>\n<p><span style=\"color: #999999;\"><span style=\"color: #ffffff;\"><strong>KammerChor 9-12TM (gemischtstimmig)<\/strong><\/span>\u00a0der vertieften chorischen Ausbildung (\u00a74) (9TM; 10TM und Leistungskurse Musik 11 und 12).<\/span><br \/>\n<span style=\"color: #999999;\">Probe: freitags 13:05 &#8211; 14:40 Uhr (Villa Thomana) Stimmbildung<\/span><\/p>\n<p><span style=\"color: #999999;\"><span style=\"color: #ffffff;\"><strong>KammerChor 5-8TM (gleichstimmig)<\/strong><\/span>\u00a0der vertieft chorischen Ausbildung (\u00a74) (Klasse 5TM &#8211; 8TM)<\/span><br \/>\n<span style=\"color: #999999;\">Probe: mittwochs 13:05 &#8211; 14:40 Uhr (Villa Thomana); Stimmbildung<\/span><\/p>\n<p><span style=\"color: #999999;\"><span style=\"color: #ffffff;\"><strong>ThomasSchulChor<\/strong><\/span>\u00a0 der 9.-12. Klassen gebildet. Es finden gemeinsame Proben und Konzerte mit den KammerCh\u00f6ren statt.<\/span><br \/>\n<span style=\"color: #999999;\">Probe: freitags 13:05 &#8211; 14:40Uhr (AULA)<\/span><\/p>\n<p><span style=\"color: #ffffff;\"><span style=\"caret-color: #999999;\">K<\/span><strong>leiner ThomasSchulChor<\/strong><\/span><span style=\"color: #999999;\">\u00a0der Klassen 5-8.<\/span><br \/>\n<span style=\"color: #999999;\">Probe: montags 13:55 &#8211; 14:40 Uhr (AULA)<\/span><\/p>\n<h3><span style=\"color: #999999;\"><a style=\"color: #999999;\" href=\"https:\/\/marvin.sachsen.schule\/~tzl\/wordpress\/wp-content\/uploads\/2019\/08\/Termine-2019.pdf\">Konzerte\u00a0der Ch\u00f6re der Thomasschule\u00a0<\/a><\/span><\/h3>\n<h3><span style=\"color: #999999;\">Das war das Schuljahr 2018\/2019:<\/span><\/h3>\n<p><img loading=\"lazy\" class=\"aligncenter size-full wp-image-3785\" src=\"https:\/\/marvin.sachsen.schule\/~tzl\/wordpress\/wp-content\/uploads\/2019\/01\/TSCNeujahrskonzert2019.jpg\" alt=\"\" width=\"600\" height=\"231\" srcset=\"https:\/\/marvin.sachsen.schule\/~tzl\/wordpress\/wp-content\/uploads\/2019\/01\/TSCNeujahrskonzert2019.jpg 600w, https:\/\/marvin.sachsen.schule\/~tzl\/wordpress\/wp-content\/uploads\/2019\/01\/TSCNeujahrskonzert2019-300x116.jpg 300w\" sizes=\"(max-width: 600px) 100vw, 600px\" \/><\/p>\n<p style=\"text-align: center;\"><span style=\"color: #999999;\">Der gro\u00dfe ThomasSchulChor beim Neujahrskonzert in der Kongresshalle am ZOO (14.1.2019)<\/span><\/p>\n<p><img loading=\"lazy\" class=\"aligncenter size-full wp-image-3787\" src=\"https:\/\/marvin.sachsen.schule\/~tzl\/wordpress\/wp-content\/uploads\/2019\/01\/KammerChor5-8TM.png\" alt=\"\" width=\"600\" height=\"271\" srcset=\"https:\/\/marvin.sachsen.schule\/~tzl\/wordpress\/wp-content\/uploads\/2019\/01\/KammerChor5-8TM.png 600w, https:\/\/marvin.sachsen.schule\/~tzl\/wordpress\/wp-content\/uploads\/2019\/01\/KammerChor5-8TM-300x136.png 300w\" sizes=\"(max-width: 600px) 100vw, 600px\" \/><\/p>\n<p style=\"text-align: center;\"><span style=\"color: #999999;\">Der KammerChor 5-8TM beim Weihnachtskonzert in der Lutherkirche (3.12.2018)<\/span><\/p>\n<h3><a href=\"http:\/\/schuljahr2012-2013.thomasschulchor.de\" target=\"_blank\" rel=\"noopener noreferrer\"><span style=\"color: #888888;\">hier die Bilder des Schuljahres 2012-2013<\/span><\/a><\/h3>\n<h3><a title=\"galerie 2011\/2012\" href=\"http:\/\/schuljahr2011-2012.thomasschulchor.de\/\" target=\"_blank\" rel=\"noopener noreferrer\"><span style=\"color: #888888;\">hier die Bilder des Schuljahres 2011-2012<\/span><\/a><\/h3>\n<div>\n<p style=\"text-align: right;\"><a href=\"http:\/\/www.thomasschulchor.de\" target=\"_blank\" rel=\"noopener noreferrer\">hier ist die alte Webseite des ThomasSchulChores<\/a><\/p>\n<\/div>\n","protected":false},"excerpt":{"rendered":"<p>Ch\u00f6re der Thomasschule Die Konzerttermine 2019 stehen fest. Eindr\u00fccke des Konzertes vom 27.9.2019 19 Uhr in der Lutherkirche zu Ehren des Thomanerbundes: KammerChor 5-8TM: KammerChor9-12TM: ThomasSchulChor: ThomasSchulChor, ThomasSchulOrchester, KammerCh\u00f6re, ehemalige Mitglieder derCh\u00f6re und des Orchesters: Ch\u00f6re der Thomasschule KammerChor 9-12TM (gemischtstimmig)\u00a0der vertieften chorischen Ausbildung (\u00a74) (9TM; 10TM und Leistungskurse Musik 11 und 12). Probe: freitags [&hellip;]<\/p>\n","protected":false},"author":2,"featured_media":0,"parent":0,"menu_order":0,"comment_status":"open","ping_status":"open","template":"","meta":[],"_links":{"self":[{"href":"https:\/\/marvin.sachsen.schule\/~tzl\/wordpress\/wp-json\/wp\/v2\/pages\/54"}],"collection":[{"href":"https:\/\/marvin.sachsen.schule\/~tzl\/wordpress\/wp-json\/wp\/v2\/pages"}],"about":[{"href":"https:\/\/marvin.sachsen.schule\/~tzl\/wordpress\/wp-json\/wp\/v2\/types\/page"}],"author":[{"embeddable":true,"href":"https:\/\/marvin.sachsen.schule\/~tzl\/wordpress\/wp-json\/wp\/v2\/users\/2"}],"replies":[{"embeddable":true,"href":"https:\/\/marvin.sachsen.schule\/~tzl\/wordpress\/wp-json\/wp\/v2\/comments?post=54"}],"version-history":[{"count":151,"href":"https:\/\/marvin.sachsen.schule\/~tzl\/wordpress\/wp-json\/wp\/v2\/pages\/54\/revisions"}],"predecessor-version":[{"id":4152,"href":"https:\/\/marvin.sachsen.schule\/~tzl\/wordpress\/wp-json\/wp\/v2\/pages\/54\/revisions\/4152"}],"wp:attachment":[{"href":"https:\/\/marvin.sachsen.schule\/~tzl\/wordpress\/wp-json\/wp\/v2\/media?parent=54"}],"curies":[{"name":"wp","href":"https:\/\/api.w.org\/{rel}","templated":true}]}}