{"id":56,"date":"2012-06-19T07:18:18","date_gmt":"2012-06-19T07:18:18","guid":{"rendered":"http:\/\/marvin.sn.schule.de\/~tzl\/wordpress\/?page_id=56"},"modified":"2022-11-07T11:19:50","modified_gmt":"2022-11-07T11:19:50","slug":"thomasschulorchester","status":"publish","type":"page","link":"https:\/\/marvin.sachsen.schule\/~tzl\/wordpress\/thomasschulorchester\/","title":{"rendered":"Orchester der Thomasschule"},"content":{"rendered":"<h1 lang=\"--multilingual\"><span style=\"color: #c0c0c0;\">ThomasSchulOrchester<\/span><\/h1>\n<p style=\"text-align: center;\"><img loading=\"lazy\" class=\"aligncenter wp-image-5447\" src=\"https:\/\/marvin.sachsen.schule\/~tzl\/wordpress\/wp-content\/uploads\/2022\/11\/TSO2022TK-300x150.jpg\" alt=\"\" width=\"600\" height=\"299\" srcset=\"https:\/\/marvin.sachsen.schule\/~tzl\/wordpress\/wp-content\/uploads\/2022\/11\/TSO2022TK-300x150.jpg 300w, https:\/\/marvin.sachsen.schule\/~tzl\/wordpress\/wp-content\/uploads\/2022\/11\/TSO2022TK-768x383.jpg 768w, https:\/\/marvin.sachsen.schule\/~tzl\/wordpress\/wp-content\/uploads\/2022\/11\/TSO2022TK.jpg 1000w\" sizes=\"(max-width: 600px) 100vw, 600px\" \/><\/p>\n<p>&nbsp;<\/p>\n<p style=\"text-align: center;\"><span style=\"color: #999999;\">Abschlusskonzert mit dem ThomasSchulOrchester am 23.6.2022 in der Thomaskirche<\/span><\/p>\n<p><span style=\"color: #999999;\"><a style=\"color: #999999;\" href=\"https:\/\/marvin.sachsen.schule\/~tzl\/wordpress\/wp-content\/uploads\/2021\/01\/BruchProjekt_Satz1_TSO-Thomasschule_Lpz_2021-HD-720p-HD-720p.mov\">Hier finden Sie das Video zum Max-Bruch-Projekt (1.Satz) des Schuljahres 2020\/2021<\/a><\/span><\/p>\n<p><span style=\"color: #999999;\"><a style=\"color: #999999;\" href=\"https:\/\/marvin.sachsen.schule\/~tzl\/wordpress\/wp-content\/uploads\/2021\/01\/BruchProjektSatz2-Gross-540p.mov\">Hier finden Sie das Video zum Max-Bruch-Projekt (2.Satz) des Schuljahres 2020\/2021<\/a><\/span><\/p>\n<p>&nbsp;<\/p>\n<div>\n<p><strong><span style=\"color: #999999;\">Probenzeit: mittwochs, 14:45-16:15 Uhr (8.\/9.Stunde) <\/span><\/strong><br \/>\n<strong><span style=\"color: #999999;\">Probenort: \u00a0Foyer der Thomasschule Klassenstufe: 8-12 <\/span><\/strong><br \/>\n<span style=\"color: #999999;\">Ansprechpartner: Robert Deutschmann<\/span><\/p>\n<p><span style=\"color: #999999;\">2008 wurde in der Thomasschule ein reines Oberstufenorchester gegr\u00fcndet. Seit 2014 \u00f6ffnet sich das ThomasSchulOrchester (TSO) auch f\u00fcr besonders leistungsstarke Instrumentalisten j\u00fcngerer Klassenstufen. Sch\u00fcler der Oberstufe leiten Registerproben und unterst\u00fctzen die j\u00fcngeren bei der Erarbeitung. Musikalisch sieht sich das Ensemble der Tradition der 800-j\u00e4hrigen Geschichte der Trias von Thomasschule, Thomanerchor und Thomaskirche verpflichtet. Im September 2012 gestaltete das TSO die Festveranstaltung der Thomasschule, dabei musizierte es gemeinsam mit dem Thomanerchor in der Thomaskirche. Seit 2014 gestaltet das TSO ein eigenes Neujahrskonzert im Museum der bildenden K\u00fcnste Leipzig sowie der Kongresshalle am ZOO. <\/span><br \/>\n<span style=\"color: #999999;\">Gemeinsam mit dem ThomasSchulChor sowie KammerCh\u00f6re der Schule werden regelm\u00e4\u00dfig vokal-sinfonische Werke u.a. in der Thomaskirche aufgef\u00fchrt. <\/span><br \/>\n<span style=\"color: #999999;\">Das ThomasSchulOrchester wurde vom Kultusministerium Sachsen zu einer musikalischen Sch\u00fclerbegegnung nach Heidelberg, vom 29.09. \u2013 04.10.2015, eingeladen und wird sich mit 27 Instrumentalisten der Klassenstufe 7-12 daran beteiligen.<\/span><br \/>\n<span style=\"color: #999999;\">Im Schuljahr 2022\/2023 werden 28 Instrumentalisten der Thomasschule, darunter elf Violinen, zwei Violen, sechs Celli, eine Querfl\u00f6te, zwei Klarinetten, ein Fagott, ein Horn, drei Trompeten sowie eine Pauke Teil des TSO sein. Konzertmeister ist momentan Valentin Krug (12. Klasse).<\/span><br \/>\n<span style=\"color: #999999;\">Seit 2014 leitet Robert Deutschmann das ThomasSchulOrchester.<\/span><\/p>\n<\/div>\n<h2><strong><span style=\"color: #c0c0c0;\">KleinesThomasSchulOrchester<\/span><\/strong><\/h2>\n<p><strong><span style=\"color: #999999;\">Probenzeit: montags, 13:50-14:35 Uhr (w\u00f6chentlich)<\/span><\/strong><br \/>\n<strong><span style=\"color: #999999;\">Probenort: Aula (305) Klassenstufe: 5-7<\/span><\/strong><br \/>\n<span style=\"color: #999999;\">Ansprechpartnerin: Frau Heising<\/span><\/p>\n<p><span style=\"color: #999999;\">Du hast Freude am Musizieren, bist offen f\u00fcr Herausforderungen und dich begeistert die Vorstellung, in einem Orchester mitzuwirken?<br \/>\nDas kleine TSO freut sich jederzeit um instrumentale Unterst\u00fctzung.<\/span><br \/>\n<span style=\"color: #999999;\">Seit dem Schuljahr 2022\/23 haben junge Instrumentalisten die M\u00f6glichkeit, innerhalb des kleinen ThomasSchulOrchesters unter der Leitung von Frau Heising Erfahrungen im Ensemblespiel zu sammeln. Dies schlie\u00dft die Probenarbeit sowie Auftritte zu den Schulkonzerten mit dem ThomasSchulChor sowie dem ThomasSchulOrchester mit ein. Ziel ist es, einen flie\u00dfenden \u00dcbergang aus dem kleinen TSO in das ThomasSchulOrchester nach Beendigung der 7. Klasse zu erm\u00f6glichen.<\/span><\/p>\n<p>&nbsp;<\/p>\n","protected":false},"excerpt":{"rendered":"<p>ThomasSchulOrchester &nbsp; Abschlusskonzert mit dem ThomasSchulOrchester am 23.6.2022 in der Thomaskirche Hier finden Sie das Video zum Max-Bruch-Projekt (1.Satz) des Schuljahres 2020\/2021 Hier finden Sie das Video zum Max-Bruch-Projekt (2.Satz) des Schuljahres 2020\/2021 &nbsp; Probenzeit: mittwochs, 14:45-16:15 Uhr (8.\/9.Stunde) Probenort: \u00a0Foyer der Thomasschule Klassenstufe: 8-12 Ansprechpartner: Robert Deutschmann 2008 wurde in der Thomasschule ein reines [&hellip;]<\/p>\n","protected":false},"author":2,"featured_media":0,"parent":0,"menu_order":0,"comment_status":"open","ping_status":"open","template":"","meta":[],"_links":{"self":[{"href":"https:\/\/marvin.sachsen.schule\/~tzl\/wordpress\/wp-json\/wp\/v2\/pages\/56"}],"collection":[{"href":"https:\/\/marvin.sachsen.schule\/~tzl\/wordpress\/wp-json\/wp\/v2\/pages"}],"about":[{"href":"https:\/\/marvin.sachsen.schule\/~tzl\/wordpress\/wp-json\/wp\/v2\/types\/page"}],"author":[{"embeddable":true,"href":"https:\/\/marvin.sachsen.schule\/~tzl\/wordpress\/wp-json\/wp\/v2\/users\/2"}],"replies":[{"embeddable":true,"href":"https:\/\/marvin.sachsen.schule\/~tzl\/wordpress\/wp-json\/wp\/v2\/comments?post=56"}],"version-history":[{"count":79,"href":"https:\/\/marvin.sachsen.schule\/~tzl\/wordpress\/wp-json\/wp\/v2\/pages\/56\/revisions"}],"predecessor-version":[{"id":5450,"href":"https:\/\/marvin.sachsen.schule\/~tzl\/wordpress\/wp-json\/wp\/v2\/pages\/56\/revisions\/5450"}],"wp:attachment":[{"href":"https:\/\/marvin.sachsen.schule\/~tzl\/wordpress\/wp-json\/wp\/v2\/media?parent=56"}],"curies":[{"name":"wp","href":"https:\/\/api.w.org\/{rel}","templated":true}]}}