{"id":95,"date":"2012-06-20T06:50:05","date_gmt":"2012-06-20T06:50:05","guid":{"rendered":"http:\/\/marvin.sn.schule.de\/~tzl\/wordpress\/?page_id=95"},"modified":"2019-05-28T12:49:46","modified_gmt":"2019-05-28T12:49:46","slug":"impressum","status":"publish","type":"page","link":"https:\/\/marvin.sachsen.schule\/~tzl\/wordpress\/impressum\/","title":{"rendered":"Impressum"},"content":{"rendered":"<p>THOMASSCHULE Gymnasium der Stadt Leipzig<br \/>\nHillerstra\u00dfe 7<br \/>\n04109 Leipzig<\/p>\n<p>Tel: +49 -341 -1246831<br \/>\nFax: +49 -341 -1246857<br \/>\ne-Mail: sekretariat@thomasschule.lernsax.de<\/p>\n<p>Fotonachweis:<\/p>\n<p><strong>technische und grafische Realisierung:<\/strong><br \/>\n<strong>SINNergy<\/strong> | Roman Friedrich<br \/>\n<a href=\"http:\/\/www.sinnergy.info\" target=\"_blank\" rel=\"noopener noreferrer\">www.sinnergy.info<\/a><br \/>\n<strong>artVantage<\/strong> | Rocco Tirouche<br \/>\n<a href=\"http:\/\/www.art-vantage.de\" target=\"_blank\" rel=\"noopener noreferrer\">www.art-vantage.de<\/a><\/p>\n<p><span style=\"text-decoration: underline;\"><strong>Rechtliche Hinweise:<\/strong><\/span><\/p>\n<h2>Rechtliche Hinweise, Qualit\u00e4tssicherung, Haftungsausschluss<\/h2>\n<p>Die Thomasschule ist bem\u00fcht, auf ihrer Website stets richtige, aktuelle und vollst\u00e4ndige Informationen bereitzustellen und \u00e4ndert oder erg\u00e4nzt diese daher bei Bedarf laufend und ohne vorherige Ank\u00fcndigung. Dennoch m\u00fcssen wir f\u00fcr Korrektheit, Aktualit\u00e4t und Vollst\u00e4ndigkeit jede Gew\u00e4hr, Haftung oder Garantie ausschlie\u00dfen. Dies gilt auch f\u00fcr alle Verweise, so genannte &#8218;Hyperlinks&#8216;,\u00a0Die Thomasschule auf ihrer Website direkt oder indirekt anbietet.\u00a0Die Thomasschule kann f\u00fcr die Inhalte solcher externer Internet-Auftritte, die Sie mittels eines Links oder sonstiger Hinweise erreichen, keine Verantwortung \u00fcbernehmen. Ferner haftet\u00a0Die Thomasschule nicht f\u00fcr direkte oder indirekte Sch\u00e4den (inkl. entgangener Gewinne), die auf Informationen zur\u00fcckgef\u00fchrt werden k\u00f6nnen, die auf diesen externen Internet-Auftritten stehen.<\/p>\n<p>Alle Rechte vorbehalten. Alle Texte, Bilder, Grafiken, Ton-, Video- und Animationsdateien unterliegen dem Urheberrecht und anderen Gesetzen zum Schutz geistigen Eigentums. Der Inhalt dieser Website darf ohne vorherige Zustimmung nicht kopiert, verbreitet, ver\u00e4ndert oder auf sonstige Art genutzt werden.<\/p>\n<h2>Datenschutz<\/h2>\n<p>Sofern innerhalb des Internetangebotes die M\u00f6glichkeit zur Eingabe pers\u00f6nlicher oder gesch\u00e4ftlicher Daten (Emailadressen, Namen, Anschriften) besteht, so erfolgt die Preisgabe dieser Daten seitens des Nutzers auf ausdr\u00fccklich freiwilliger Basis. Die Inanspruchnahme und Bezahlung aller angebotenen Dienste ist &#8211; soweit technisch m\u00f6glich und zumutbar &#8211; auch ohne Angabe solcher Daten bzw. unter Angabe anonymisierter Daten oder eines Pseudonyms gestattet. Die Nutzung der im Rahmen des Impressums oder vergleichbarer Angaben ver\u00f6ffentlichten Kontaktdaten wie Postanschriften, Telefon- und Faxnummern sowie Emailadressen durch Dritte zur \u00dcbersendung von nicht ausdr\u00fccklich angeforderten Informationen ist nicht gestattet. Rechtliche Schritte gegen die Versender von sogenannten Spam-Mails bei Verst\u00f6ssen gegen dieses Verbot sind ausdr\u00fccklich vorbehalten.<\/p>\n<p>&nbsp;<\/p>\n<p>Weitere und fortf\u00fchrende Informationen finden Sie unter\u00a0<a href=\"https:\/\/marvin.sachsen.schule\/~tzl\/wordpress\/datenschutz\/\">Datenschutzerkl\u00e4rung<\/a><\/p>\n","protected":false},"excerpt":{"rendered":"<p>THOMASSCHULE Gymnasium der Stadt Leipzig Hillerstra\u00dfe 7 04109 Leipzig Tel: +49 -341 -1246831 Fax: +49 -341 -1246857 e-Mail: sekretariat@thomasschule.lernsax.de Fotonachweis: technische und grafische Realisierung: SINNergy | Roman Friedrich www.sinnergy.info artVantage | Rocco Tirouche www.art-vantage.de Rechtliche Hinweise: Rechtliche Hinweise, Qualit\u00e4tssicherung, Haftungsausschluss Die Thomasschule ist bem\u00fcht, auf ihrer Website stets richtige, aktuelle und vollst\u00e4ndige Informationen bereitzustellen und [&hellip;]<\/p>\n","protected":false},"author":2,"featured_media":0,"parent":0,"menu_order":0,"comment_status":"closed","ping_status":"closed","template":"","meta":[],"_links":{"self":[{"href":"https:\/\/marvin.sachsen.schule\/~tzl\/wordpress\/wp-json\/wp\/v2\/pages\/95"}],"collection":[{"href":"https:\/\/marvin.sachsen.schule\/~tzl\/wordpress\/wp-json\/wp\/v2\/pages"}],"about":[{"href":"https:\/\/marvin.sachsen.schule\/~tzl\/wordpress\/wp-json\/wp\/v2\/types\/page"}],"author":[{"embeddable":true,"href":"https:\/\/marvin.sachsen.schule\/~tzl\/wordpress\/wp-json\/wp\/v2\/users\/2"}],"replies":[{"embeddable":true,"href":"https:\/\/marvin.sachsen.schule\/~tzl\/wordpress\/wp-json\/wp\/v2\/comments?post=95"}],"version-history":[{"count":13,"href":"https:\/\/marvin.sachsen.schule\/~tzl\/wordpress\/wp-json\/wp\/v2\/pages\/95\/revisions"}],"predecessor-version":[{"id":3883,"href":"https:\/\/marvin.sachsen.schule\/~tzl\/wordpress\/wp-json\/wp\/v2\/pages\/95\/revisions\/3883"}],"wp:attachment":[{"href":"https:\/\/marvin.sachsen.schule\/~tzl\/wordpress\/wp-json\/wp\/v2\/media?parent=95"}],"curies":[{"name":"wp","href":"https:\/\/api.w.org\/{rel}","templated":true}]}}